{"id":97847,"date":"2026-04-24T07:15:06","date_gmt":"2026-04-24T07:15:06","guid":{"rendered":"https:\/\/profitstore.pl\/index.php\/produkt\/filtr-dokladny-eu7-do-juwent-optimax-40-545x775x600-2\/"},"modified":"2026-04-24T07:15:15","modified_gmt":"2026-04-24T07:15:15","slug":"filtr-dokladny-eu7-do-juwent-optimax-40-545x775x600-2","status":"publish","type":"product","link":"https:\/\/profitstore.pl\/index.php\/produkt\/filtr-dokladny-eu7-do-juwent-optimax-40-545x775x600-2\/","title":{"rendered":"Filtr dok\u0142adny EU7 do JUWENT OptiMax-40 (545x775x600)"},"content":{"rendered":"<p>Filtr\u00a0 kieszeniowy dok\u0142adny \u00a0klasy F7\/EU7 \u00a0pasuj\u0105cych do central wentylacyjnych\u00a0 JUWENT OPTIMAX-40.\u00a0 W centrali wg karty katalogowej montowanych jest \u00a06 szt. filtr\u00f3w wst\u0119pnych M5 775x545x48 \u00a0oraz 3\u00a0szt. filtra kieszeniowego F7 775x545x600 . Filtry s\u0105 zamiennikami, nazwy producent\u00f3w i marek zosta\u0142y u\u017cyte w celu identyfikacji produktu.<\/p>\n<p>Poni\u017cej przedstawiamy sprzedawany produkt:<\/p>\n<p><img src=\"https:\/\/pureventfilters.eu\/2996-large_default\/filtr-dokladny-eu7-do-juwent-optimax-40-545x775x600.jpg\" alt=\"Filtr dok\u0142adny EU7 do JUWENT OptiMax-40 (545x775x600)\" \/><\/p>\n","protected":false},"excerpt":{"rendered":"<p>Filtr\u00a0 kieszeniowy dok\u0142adny \u00a0klasy F7\/EU7 \u00a0pasuj\u0105cych do central wentylacyjnych\u00a0 JUWENT OPTIMAX-40.\u00a0 W centrali wg karty katalogowej montowanych jest \u00a06 szt. filtr\u00f3w wst\u0119pnych M5 775x545x48 \u00a0oraz 3\u00a0szt. filtra kieszeniowego F7 775x545x600 . Filtry s\u0105 zamiennikami, nazwy producent\u00f3w i marek zosta\u0142y u\u017cyte w celu identyfikacji produktu. Poni\u017cej przedstawiamy sprzedawany produkt:<\/p>\n","protected":false},"featured_media":28948,"template":"","meta":[],"_links":{"self":[{"href":"https:\/\/profitstore.pl\/index.php\/wp-json\/wp\/v2\/product\/97847"}],"collection":[{"href":"https:\/\/profitstore.pl\/index.php\/wp-json\/wp\/v2\/product"}],"about":[{"href":"https:\/\/profitstore.pl\/index.php\/wp-json\/wp\/v2\/types\/product"}],"wp:featuredmedia":[{"embeddable":true,"href":"https:\/\/profitstore.pl\/index.php\/wp-json\/wp\/v2\/media\/28948"}],"wp:attachment":[{"href":"https:\/\/profitstore.pl\/index.php\/wp-json\/wp\/v2\/media?parent=97847"}],"curies":[{"name":"wp","href":"https:\/\/api.w.org\/{rel}","templated":true}]}}