{"id":95471,"date":"2026-04-30T17:13:14","date_gmt":"2026-04-30T17:13:14","guid":{"rendered":"https:\/\/profitstore.pl\/index.php\/produkt\/filtr-eu7-do-komfovent-domekt-r-400-f-346x258x46-epm1-70-2\/"},"modified":"2026-04-30T17:13:15","modified_gmt":"2026-04-30T17:13:15","slug":"filtr-eu7-do-komfovent-domekt-r-400-f-346x258x46-epm1-70-2","status":"publish","type":"product","link":"https:\/\/profitstore.pl\/index.php\/produkt\/filtr-eu7-do-komfovent-domekt-r-400-f-346x258x46-epm1-70-2\/","title":{"rendered":"Filtr EU7 do Komfovent Domekt R 400 F (346x258x46) ePM1 70%"},"content":{"rendered":"<p>Filtr klasy \u00a0EU7 \/ F7\u00a0 pasuj\u0105cy do centrali wentylacyjnej\u00a0 KOMFOVENT DOMEKT R 400F.\u00a0 Standardowo w centrali montowane s\u0105 2sztuki filtr\u00f3w: jeden M5 + jeden F7 o takich samych wymiarach.\u00a0 Filtr jest zamiennikiem, nazwy producent\u00f3w i marek zosta\u0142y u\u017cyte w celu identyfikacji produktu.<\/p>\n<p>Poni\u017cej przedstawiamy sprzedawany produkt:<\/p>\n<p><img src=\"https:\/\/pureventfilters.eu\/4881-large_default\/filtr-eu7-do-komfovent-domekt-r-400-f-346x258x46-epm1-70.jpg\" alt=\"Filtr EU7 do Komfovent Domekt R 400 F (346x258x46) ePM1 70%\" \/><\/p>\n","protected":false},"excerpt":{"rendered":"<p>Filtr klasy \u00a0EU7 \/ F7\u00a0 pasuj\u0105cy do centrali wentylacyjnej\u00a0 KOMFOVENT DOMEKT R 400F.\u00a0 Standardowo w centrali montowane s\u0105 2sztuki filtr\u00f3w: jeden M5 + jeden F7 o takich samych wymiarach.\u00a0 Filtr jest zamiennikiem, nazwy producent\u00f3w i marek zosta\u0142y u\u017cyte w celu identyfikacji produktu. Poni\u017cej przedstawiamy sprzedawany produkt:<\/p>\n","protected":false},"featured_media":95470,"template":"","meta":[],"_links":{"self":[{"href":"https:\/\/profitstore.pl\/index.php\/wp-json\/wp\/v2\/product\/95471"}],"collection":[{"href":"https:\/\/profitstore.pl\/index.php\/wp-json\/wp\/v2\/product"}],"about":[{"href":"https:\/\/profitstore.pl\/index.php\/wp-json\/wp\/v2\/types\/product"}],"wp:featuredmedia":[{"embeddable":true,"href":"https:\/\/profitstore.pl\/index.php\/wp-json\/wp\/v2\/media\/95470"}],"wp:attachment":[{"href":"https:\/\/profitstore.pl\/index.php\/wp-json\/wp\/v2\/media?parent=95471"}],"curies":[{"name":"wp","href":"https:\/\/api.w.org\/{rel}","templated":true}]}}