{"id":95453,"date":"2026-04-29T17:18:41","date_gmt":"2026-04-29T17:18:41","guid":{"rendered":"https:\/\/profitstore.pl\/index.php\/produkt\/filtr-eu5-do-komfovent-domekt-r-400-h-417x210x46-epm10-55\/"},"modified":"2026-04-29T17:18:42","modified_gmt":"2026-04-29T17:18:42","slug":"filtr-eu5-do-komfovent-domekt-r-400-h-417x210x46-epm10-55","status":"publish","type":"product","link":"https:\/\/profitstore.pl\/index.php\/produkt\/filtr-eu5-do-komfovent-domekt-r-400-h-417x210x46-epm10-55\/","title":{"rendered":"Filtr EU5 do Komfovent Domekt R 400 H (417x210x46) ePM10 55%"},"content":{"rendered":"<p>Filtr klasy \u00a0EU5 \/ M5\u00a0 pasuj\u0105cy do centrali wentylacyjnej\u00a0 KOMFOVENT DOMEKT R 400V.\u00a0 Standardowo w centrali montowane s\u0105 2sztuki filtr\u00f3w: jeden M5 + jeden F7 o takich samych wymiarach.\u00a0 Filtr jest zamiennikiem, nazwy producent\u00f3w i marek zosta\u0142y u\u017cyte w celu identyfikacji produktu.<\/p>\n<p>Poni\u017cej przedstawiamy sprzedawany produkt:<\/p>\n<p><img src=\"https:\/\/pureventfilters.eu\/4877-large_default\/filtr-eu5-do-komfovent-domekt-r-400-h-417x210x46-epm10-55.jpg\" alt=\"Filtr EU5 do Komfovent Domekt R 400 H (417x210x46) ePM10 55%\" \/><\/p>\n","protected":false},"excerpt":{"rendered":"<p>Filtr klasy \u00a0EU5 \/ M5\u00a0 pasuj\u0105cy do centrali wentylacyjnej\u00a0 KOMFOVENT DOMEKT R 400V.\u00a0 Standardowo w centrali montowane s\u0105 2sztuki filtr\u00f3w: jeden M5 + jeden F7 o takich samych wymiarach.\u00a0 Filtr jest zamiennikiem, nazwy producent\u00f3w i marek zosta\u0142y u\u017cyte w celu identyfikacji produktu. Poni\u017cej przedstawiamy sprzedawany produkt:<\/p>\n","protected":false},"featured_media":95454,"template":"","meta":[],"_links":{"self":[{"href":"https:\/\/profitstore.pl\/index.php\/wp-json\/wp\/v2\/product\/95453"}],"collection":[{"href":"https:\/\/profitstore.pl\/index.php\/wp-json\/wp\/v2\/product"}],"about":[{"href":"https:\/\/profitstore.pl\/index.php\/wp-json\/wp\/v2\/types\/product"}],"wp:featuredmedia":[{"embeddable":true,"href":"https:\/\/profitstore.pl\/index.php\/wp-json\/wp\/v2\/media\/95454"}],"wp:attachment":[{"href":"https:\/\/profitstore.pl\/index.php\/wp-json\/wp\/v2\/media?parent=95453"}],"curies":[{"name":"wp","href":"https:\/\/api.w.org\/{rel}","templated":true}]}}