{"id":95440,"date":"2026-04-30T17:13:08","date_gmt":"2026-04-30T17:13:08","guid":{"rendered":"https:\/\/profitstore.pl\/index.php\/produkt\/filtr-eu5-do-rotorvent-lv-r-550-e-480x188x25\/"},"modified":"2026-04-30T17:13:09","modified_gmt":"2026-04-30T17:13:09","slug":"filtr-eu5-do-rotorvent-lv-r-550-e-480x188x25","status":"publish","type":"product","link":"https:\/\/profitstore.pl\/index.php\/produkt\/filtr-eu5-do-rotorvent-lv-r-550-e-480x188x25\/","title":{"rendered":"Filtr EU5 do ROTORVENT LV\/R\/550\/E (480x188x25)"},"content":{"rendered":"<p>Filtry s\u0105 zamiennikami, nazwy producent\u00f3w i marek zosta\u0142y u\u017cyte w celu identyfikacji produktu. Przy zam\u00f3wieniu prosz\u0119 o weryfikacj\u0119 wymiar\u00f3w filtr\u00f3w &#8211; w zale\u017cno\u015bci od roku produkcji centrali filtry moga si\u0119 r\u00f3\u017cni\u0107 wymiarami.<\/p>\n<p>Poni\u017cej przedstawiamy sprzedawany produkt:<\/p>\n<p><img src=\"https:\/\/pureventfilters.eu\/4875-large_default\/filtr-eu5-do-rotorvent-lvr550e-480x188x25.jpg\" alt=\"Filtr EU5 do ROTORVENT LV\/R\/550\/E (480x188x25)\" \/><\/p>\n","protected":false},"excerpt":{"rendered":"<p>Filtry s\u0105 zamiennikami, nazwy producent\u00f3w i marek zosta\u0142y u\u017cyte w celu identyfikacji produktu. Przy zam\u00f3wieniu prosz\u0119 o weryfikacj\u0119 wymiar\u00f3w filtr\u00f3w &#8211; w zale\u017cno\u015bci od roku produkcji centrali filtry moga si\u0119 r\u00f3\u017cni\u0107 wymiarami. Poni\u017cej przedstawiamy sprzedawany produkt:<\/p>\n","protected":false},"featured_media":95441,"template":"","meta":[],"_links":{"self":[{"href":"https:\/\/profitstore.pl\/index.php\/wp-json\/wp\/v2\/product\/95440"}],"collection":[{"href":"https:\/\/profitstore.pl\/index.php\/wp-json\/wp\/v2\/product"}],"about":[{"href":"https:\/\/profitstore.pl\/index.php\/wp-json\/wp\/v2\/types\/product"}],"wp:featuredmedia":[{"embeddable":true,"href":"https:\/\/profitstore.pl\/index.php\/wp-json\/wp\/v2\/media\/95441"}],"wp:attachment":[{"href":"https:\/\/profitstore.pl\/index.php\/wp-json\/wp\/v2\/media?parent=95440"}],"curies":[{"name":"wp","href":"https:\/\/api.w.org\/{rel}","templated":true}]}}