{"id":94844,"date":"2026-04-29T17:18:39","date_gmt":"2026-04-29T17:18:39","guid":{"rendered":"https:\/\/profitstore.pl\/index.php\/produkt\/filtr-eu5-do-heru-160t-465x195x48-epm10-55-2\/"},"modified":"2026-04-29T17:18:40","modified_gmt":"2026-04-29T17:18:40","slug":"filtr-eu5-do-heru-160t-465x195x48-epm10-55-2","status":"publish","type":"product","link":"https:\/\/profitstore.pl\/index.php\/produkt\/filtr-eu5-do-heru-160t-465x195x48-epm10-55-2\/","title":{"rendered":"Filtr EU5 do HERU 160T (465x195x48) ePM10 55%"},"content":{"rendered":"<p>Filtr kasetowy\u00a0pasuj\u0105cych do centrali wentylacyjnej HERU 160 T . Filtry s\u0105 zamiennikami, nazwy producent\u00f3w i marek zosta\u0142y u\u017cyte w celu identyfikacji produktu. Prowadzimy sprzeda\u017c filtr\u00f3w w kasecie metalowej gdzie zalet\u0105 takiego rozwi\u0105zania jest mo\u017cliwo\u015b\u0107 samodzielnej wymiany wk\u0142adu filtracyjnego, oraz obni\u017cenie koszt\u00f3w eksploatacji. Wk\u0142ady dost\u0119pne w atrakcyjnych cenach. Przy zam\u00f3wieniu prosz\u0119 o weryfikacj\u0119 wymiar\u00f3w filtr\u00f3w &#8211; w zale\u017cno\u015bci od roku produkcji centrali filtry moga si\u0119 r\u00f3\u017cni\u0107 wymiarami.<\/p>\n<p>Poni\u017cej przedstawiamy sprzedawany produkt:<\/p>\n<p><img src=\"https:\/\/pureventfilters.eu\/4871-large_default\/filtr-eu5-do-heru-160t-465x195x48-epm10-55.jpg\" alt=\"Filtr EU5 do HERU 160T (465x195x48) ePM10 55%\" \/><\/p>\n","protected":false},"excerpt":{"rendered":"<p>Filtr kasetowy\u00a0pasuj\u0105cych do centrali wentylacyjnej HERU 160 T . Filtry s\u0105 zamiennikami, nazwy producent\u00f3w i marek zosta\u0142y u\u017cyte w celu identyfikacji produktu. Prowadzimy sprzeda\u017c filtr\u00f3w w kasecie metalowej gdzie zalet\u0105 takiego rozwi\u0105zania jest mo\u017cliwo\u015b\u0107 samodzielnej wymiany wk\u0142adu filtracyjnego, oraz obni\u017cenie koszt\u00f3w eksploatacji. Wk\u0142ady dost\u0119pne w atrakcyjnych cenach. Przy zam\u00f3wieniu prosz\u0119 o weryfikacj\u0119 wymiar\u00f3w filtr\u00f3w &#8211; [&hellip;]<\/p>\n","protected":false},"featured_media":94843,"template":"","meta":[],"_links":{"self":[{"href":"https:\/\/profitstore.pl\/index.php\/wp-json\/wp\/v2\/product\/94844"}],"collection":[{"href":"https:\/\/profitstore.pl\/index.php\/wp-json\/wp\/v2\/product"}],"about":[{"href":"https:\/\/profitstore.pl\/index.php\/wp-json\/wp\/v2\/types\/product"}],"wp:featuredmedia":[{"embeddable":true,"href":"https:\/\/profitstore.pl\/index.php\/wp-json\/wp\/v2\/media\/94843"}],"wp:attachment":[{"href":"https:\/\/profitstore.pl\/index.php\/wp-json\/wp\/v2\/media?parent=94844"}],"curies":[{"name":"wp","href":"https:\/\/api.w.org\/{rel}","templated":true}]}}