{"id":94824,"date":"2026-04-29T17:18:26","date_gmt":"2026-04-29T17:18:26","guid":{"rendered":"https:\/\/profitstore.pl\/index.php\/produkt\/filtr-eu5-do-komfovent-domekt-r-400-v-428x231x46-epm10-55-2\/"},"modified":"2026-04-29T17:18:27","modified_gmt":"2026-04-29T17:18:27","slug":"filtr-eu5-do-komfovent-domekt-r-400-v-428x231x46-epm10-55-2","status":"publish","type":"product","link":"https:\/\/profitstore.pl\/index.php\/produkt\/filtr-eu5-do-komfovent-domekt-r-400-v-428x231x46-epm10-55-2\/","title":{"rendered":"Filtr EU5 do KOMFOVENT DOMEKT R 400 V (428x231x46) ePM10 55%"},"content":{"rendered":"<p>Filtr klasy \u00a0EU5\/M5 \u00a0pasuj\u0105cy do centrali wentylacyjnej\u00a0 KOMFOVENT DOMEKT R 400 V.\u00a0 Standardowo w centrali montowane s\u0105 2sztuki filtr\u00f3w: jeden M5 + jeden F7 o takich samych wymiarach.\u00a0 Filtr jest zamiennikiem, nazwy producent\u00f3w i marek zosta\u0142y u\u017cyte w celu identyfikacji produktu. Prowadzimy sprzeda\u017c filtr\u00f3w w kasecie metalowej gdzie zalet\u0105 takiego rozwi\u0105zania jest mo\u017cliwo\u015b\u0107 samodzielnej wymiany wk\u0142adu filtracyjnego, oraz obni\u017cenie koszt\u00f3w eksploatacji. Wk\u0142ady dost\u0119pne w atrakcyjnych cenach.<\/p>\n<p>Poni\u017cej przedstawiamy sprzedawany produkt:<\/p>\n<p><img src=\"https:\/\/pureventfilters.eu\/4795-large_default\/filtr-eu5-do-komfovent-domekt-r-400-v-428x231x46-epm10-55.jpg\" alt=\"Filtr EU5 do KOMFOVENT DOMEKT R 400 V (428x231x46) ePM10 55%\" \/><\/p>\n","protected":false},"excerpt":{"rendered":"<p>Filtr klasy \u00a0EU5\/M5 \u00a0pasuj\u0105cy do centrali wentylacyjnej\u00a0 KOMFOVENT DOMEKT R 400 V.\u00a0 Standardowo w centrali montowane s\u0105 2sztuki filtr\u00f3w: jeden M5 + jeden F7 o takich samych wymiarach.\u00a0 Filtr jest zamiennikiem, nazwy producent\u00f3w i marek zosta\u0142y u\u017cyte w celu identyfikacji produktu. Prowadzimy sprzeda\u017c filtr\u00f3w w kasecie metalowej gdzie zalet\u0105 takiego rozwi\u0105zania jest mo\u017cliwo\u015b\u0107 samodzielnej wymiany [&hellip;]<\/p>\n","protected":false},"featured_media":123205,"template":"","meta":[],"_links":{"self":[{"href":"https:\/\/profitstore.pl\/index.php\/wp-json\/wp\/v2\/product\/94824"}],"collection":[{"href":"https:\/\/profitstore.pl\/index.php\/wp-json\/wp\/v2\/product"}],"about":[{"href":"https:\/\/profitstore.pl\/index.php\/wp-json\/wp\/v2\/types\/product"}],"wp:featuredmedia":[{"embeddable":true,"href":"https:\/\/profitstore.pl\/index.php\/wp-json\/wp\/v2\/media\/123205"}],"wp:attachment":[{"href":"https:\/\/profitstore.pl\/index.php\/wp-json\/wp\/v2\/media?parent=94824"}],"curies":[{"name":"wp","href":"https:\/\/api.w.org\/{rel}","templated":true}]}}