{"id":94823,"date":"2026-04-30T07:28:16","date_gmt":"2026-04-30T07:28:16","guid":{"rendered":"https:\/\/profitstore.pl\/index.php\/produkt\/filtr-eu7-do-komfovent-verso-r-5000-h-verso-r-7000-h-592x592x500-2\/"},"modified":"2026-04-30T07:28:19","modified_gmt":"2026-04-30T07:28:19","slug":"filtr-eu7-do-komfovent-verso-r-5000-h-verso-r-7000-h-592x592x500-2","status":"publish","type":"product","link":"https:\/\/profitstore.pl\/index.php\/produkt\/filtr-eu7-do-komfovent-verso-r-5000-h-verso-r-7000-h-592x592x500-2\/","title":{"rendered":"Filtr EU7 do KOMFOVENT VERSO R 5000 H VERSO R 7000 H (592x592x500)"},"content":{"rendered":"<p>Filtr\u00a0 kieszeniowy \u00a0klasy F7\u00a0\/ EU7 \u00a0o wymiarach\u00a0 592x592x500 \u00a0mm\u00a0w\u00a0ramce metalowej pasuj\u0105cy do central\u00a0 KOMFOVENT: VERSO R 5000 H VERSO R 7000 H Filtry s\u0105 zamiennikami, nazwy producent\u00f3w i marek zosta\u0142y u\u017cyte w celu identyfikacji produktu.<\/p>\n<p>Poni\u017cej przedstawiamy sprzedawany produkt:<\/p>\n<p><img src=\"https:\/\/pureventfilters.eu\/4815-large_default\/filtr-eu7-do-komfovent-verso-r-5000-h-verso-r-7000-h-592x592x500.jpg\" alt=\"Filtr EU7 do KOMFOVENT VERSO R 5000 H VERSO R 7000 H (592x592x500)\" \/><\/p>\n","protected":false},"excerpt":{"rendered":"<p>Filtr\u00a0 kieszeniowy \u00a0klasy F7\u00a0\/ EU7 \u00a0o wymiarach\u00a0 592x592x500 \u00a0mm\u00a0w\u00a0ramce metalowej pasuj\u0105cy do central\u00a0 KOMFOVENT: VERSO R 5000 H VERSO R 7000 H Filtry s\u0105 zamiennikami, nazwy producent\u00f3w i marek zosta\u0142y u\u017cyte w celu identyfikacji produktu. Poni\u017cej przedstawiamy sprzedawany produkt:<\/p>\n","protected":false},"featured_media":93638,"template":"","meta":[],"_links":{"self":[{"href":"https:\/\/profitstore.pl\/index.php\/wp-json\/wp\/v2\/product\/94823"}],"collection":[{"href":"https:\/\/profitstore.pl\/index.php\/wp-json\/wp\/v2\/product"}],"about":[{"href":"https:\/\/profitstore.pl\/index.php\/wp-json\/wp\/v2\/types\/product"}],"wp:featuredmedia":[{"embeddable":true,"href":"https:\/\/profitstore.pl\/index.php\/wp-json\/wp\/v2\/media\/93638"}],"wp:attachment":[{"href":"https:\/\/profitstore.pl\/index.php\/wp-json\/wp\/v2\/media?parent=94823"}],"curies":[{"name":"wp","href":"https:\/\/api.w.org\/{rel}","templated":true}]}}