{"id":94818,"date":"2026-05-01T17:09:56","date_gmt":"2026-05-01T17:09:56","guid":{"rendered":"https:\/\/profitstore.pl\/index.php\/produkt\/filtr-do-ventus-vs20s-compact-757x410x48-2\/"},"modified":"2026-05-01T17:09:56","modified_gmt":"2026-05-01T17:09:56","slug":"filtr-do-ventus-vs20s-compact-757x410x48-2","status":"publish","type":"product","link":"https:\/\/profitstore.pl\/index.php\/produkt\/filtr-do-ventus-vs20s-compact-757x410x48-2\/","title":{"rendered":"Filtr do VENTUS VS20s Compact (757x410x48)"},"content":{"rendered":"<p>Filtr kasetowy klasy \u00a0M5 \/ EU5 \u00a0lub F7 \/ EU7\u00a0 pasuj\u0105cy do centrali wentylacyjnej\u00a0 VENTUS VS20s 2000m3\/h Compact.\u00a0 Filtry s\u0105 zamiennikami, nazwy producent\u00f3w i marek zosta\u0142y u\u017cyte w celu identyfikacji produktu.<\/p>\n<p>Poni\u017cej przedstawiamy sprzedawany produkt:<\/p>\n<p><img src=\"https:\/\/pureventfilters.eu\/4258-large_default\/filtr-do-ventus-vs20s-compact-757x410x48.jpg\" alt=\"Filtr do VENTUS VS20s Compact (757x410x48)\" \/><\/p>\n","protected":false},"excerpt":{"rendered":"<p>Filtr kasetowy klasy \u00a0M5 \/ EU5 \u00a0lub F7 \/ EU7\u00a0 pasuj\u0105cy do centrali wentylacyjnej\u00a0 VENTUS VS20s 2000m3\/h Compact.\u00a0 Filtry s\u0105 zamiennikami, nazwy producent\u00f3w i marek zosta\u0142y u\u017cyte w celu identyfikacji produktu. Poni\u017cej przedstawiamy sprzedawany produkt:<\/p>\n","protected":false},"featured_media":64924,"template":"","meta":[],"_links":{"self":[{"href":"https:\/\/profitstore.pl\/index.php\/wp-json\/wp\/v2\/product\/94818"}],"collection":[{"href":"https:\/\/profitstore.pl\/index.php\/wp-json\/wp\/v2\/product"}],"about":[{"href":"https:\/\/profitstore.pl\/index.php\/wp-json\/wp\/v2\/types\/product"}],"wp:featuredmedia":[{"embeddable":true,"href":"https:\/\/profitstore.pl\/index.php\/wp-json\/wp\/v2\/media\/64924"}],"wp:attachment":[{"href":"https:\/\/profitstore.pl\/index.php\/wp-json\/wp\/v2\/media?parent=94818"}],"curies":[{"name":"wp","href":"https:\/\/api.w.org\/{rel}","templated":true}]}}