{"id":94814,"date":"2026-04-22T17:12:20","date_gmt":"2026-04-22T17:12:20","guid":{"rendered":"https:\/\/profitstore.pl\/index.php\/produkt\/filtr-antysmogowy-epm1-70-do-wanas-250-mn-350x130x40-2\/"},"modified":"2026-04-22T17:12:21","modified_gmt":"2026-04-22T17:12:21","slug":"filtr-antysmogowy-epm1-70-do-wanas-250-mn-350x130x40-2","status":"publish","type":"product","link":"https:\/\/profitstore.pl\/index.php\/produkt\/filtr-antysmogowy-epm1-70-do-wanas-250-mn-350x130x40-2\/","title":{"rendered":"Filtr antysmogowy ePM1 70% do WANAS 250 MN (350x130x40)"},"content":{"rendered":"<p>Filtr\u00a0 kasetowy o wymiarach\u00a0 350x130x40 \u00a0 o\u00a0 skuteczno\u015bci\u00a0 ePM 1 70% \u00a0pasuj\u0105cy do\u00a0rekuperator\u00f3w\u00a0 WANAS 250 MN. Filtr do oczyszczania powietrza pobieranego z zewn\u0105trz budynku Filtry s\u0105 zamiennikami, nazwy producent\u00f3w i marek zosta\u0142y u\u017cyte w celu identyfikacji produktu.<\/p>\n<p>Poni\u017cej przedstawiamy sprzedawany produkt:<\/p>\n<p><img src=\"https:\/\/pureventfilters.eu\/4228-large_default\/filtr-antysmogowy-epm1-70-do-wanas-250-mn-350x130x40.jpg\" alt=\"Filtr antysmogowy ePM1 70% do WANAS 250 MN (350x130x40)\" \/><\/p>\n","protected":false},"excerpt":{"rendered":"<p>Filtr\u00a0 kasetowy o wymiarach\u00a0 350x130x40 \u00a0 o\u00a0 skuteczno\u015bci\u00a0 ePM 1 70% \u00a0pasuj\u0105cy do\u00a0rekuperator\u00f3w\u00a0 WANAS 250 MN. Filtr do oczyszczania powietrza pobieranego z zewn\u0105trz budynku Filtry s\u0105 zamiennikami, nazwy producent\u00f3w i marek zosta\u0142y u\u017cyte w celu identyfikacji produktu. Poni\u017cej przedstawiamy sprzedawany produkt:<\/p>\n","protected":false},"featured_media":64892,"template":"","meta":[],"_links":{"self":[{"href":"https:\/\/profitstore.pl\/index.php\/wp-json\/wp\/v2\/product\/94814"}],"collection":[{"href":"https:\/\/profitstore.pl\/index.php\/wp-json\/wp\/v2\/product"}],"about":[{"href":"https:\/\/profitstore.pl\/index.php\/wp-json\/wp\/v2\/types\/product"}],"wp:featuredmedia":[{"embeddable":true,"href":"https:\/\/profitstore.pl\/index.php\/wp-json\/wp\/v2\/media\/64892"}],"wp:attachment":[{"href":"https:\/\/profitstore.pl\/index.php\/wp-json\/wp\/v2\/media?parent=94814"}],"curies":[{"name":"wp","href":"https:\/\/api.w.org\/{rel}","templated":true}]}}