{"id":94810,"date":"2026-04-21T17:15:20","date_gmt":"2026-04-21T17:15:20","guid":{"rendered":"https:\/\/profitstore.pl\/index.php\/produkt\/filtr-eu7-do-aerovent-reversus-r650-300x230x48-zamiennik-ff74-2\/"},"modified":"2026-04-21T17:15:21","modified_gmt":"2026-04-21T17:15:21","slug":"filtr-eu7-do-aerovent-reversus-r650-300x230x48-zamiennik-ff74-2","status":"publish","type":"product","link":"https:\/\/profitstore.pl\/index.php\/produkt\/filtr-eu7-do-aerovent-reversus-r650-300x230x48-zamiennik-ff74-2\/","title":{"rendered":"Filtr EU7 do AeroVent Reversus R650 (300x230x48) zamiennik FF74"},"content":{"rendered":"<p>Filtr kasetowy klasy\u00a0 F7 \/ EU7 pasuj\u0105cych do centrali AeroVent\u00a0Reversus R650 . Filtr\u00a0jest zamiennikiem. Nazwy urz\u0105dze\u0144, cz\u0119\u015bci i marek zosta\u0142y u\u017cyte w celu identyfikacji produktu.<\/p>\n<p>Poni\u017cej przedstawiamy sprzedawany produkt:<\/p>\n<p><img src=\"https:\/\/pureventfilters.eu\/4218-large_default\/filtr-eu7-do-aerovent-reversus-r650-300x230x48-zamiennik-ff74.jpg\" alt=\"Filtr EU7 do AeroVent Reversus R650 (300x230x48) zamiennik FF74\" \/><\/p>\n","protected":false},"excerpt":{"rendered":"<p>Filtr kasetowy klasy\u00a0 F7 \/ EU7 pasuj\u0105cych do centrali AeroVent\u00a0Reversus R650 . Filtr\u00a0jest zamiennikiem. Nazwy urz\u0105dze\u0144, cz\u0119\u015bci i marek zosta\u0142y u\u017cyte w celu identyfikacji produktu. Poni\u017cej przedstawiamy sprzedawany produkt:<\/p>\n","protected":false},"featured_media":64878,"template":"","meta":[],"_links":{"self":[{"href":"https:\/\/profitstore.pl\/index.php\/wp-json\/wp\/v2\/product\/94810"}],"collection":[{"href":"https:\/\/profitstore.pl\/index.php\/wp-json\/wp\/v2\/product"}],"about":[{"href":"https:\/\/profitstore.pl\/index.php\/wp-json\/wp\/v2\/types\/product"}],"wp:featuredmedia":[{"embeddable":true,"href":"https:\/\/profitstore.pl\/index.php\/wp-json\/wp\/v2\/media\/64878"}],"wp:attachment":[{"href":"https:\/\/profitstore.pl\/index.php\/wp-json\/wp\/v2\/media?parent=94810"}],"curies":[{"name":"wp","href":"https:\/\/api.w.org\/{rel}","templated":true}]}}