{"id":94807,"date":"2026-04-21T17:15:07","date_gmt":"2026-04-21T17:15:07","guid":{"rendered":"https:\/\/profitstore.pl\/index.php\/produkt\/filtr-eu7-do-swegon-gold-592x592x620-2\/"},"modified":"2026-04-21T17:15:09","modified_gmt":"2026-04-21T17:15:09","slug":"filtr-eu7-do-swegon-gold-592x592x620-2","status":"publish","type":"product","link":"https:\/\/profitstore.pl\/index.php\/produkt\/filtr-eu7-do-swegon-gold-592x592x620-2\/","title":{"rendered":"Filtr EU7 do SWEGON GOLD (592x592x620)"},"content":{"rendered":"<p>Cena dotyczy 1szt. filtra.\u00a0Filtr kieszeniowy klasy \u00a0F7 \/ EU7 \u00a0o wymiarach 592x592x620 \u00a0mm do centrali\u00a0 SWEGON GOLD Przed zakupem prosimy o weryfikacj\u0119 wymiar\u00f3w filtr\u00f3w podanych w ofercie z rzeczywistymi wymiarami filtr\u00f3w montowanych w centrali. Zdj\u0119cie jest jedynie zdj\u0119ciem pogl\u0105dowym filtra. Produkt jest zamiennikiem. Nazwy urz\u0105dze\u0144, cz\u0119\u015bci i marek zosta\u0142y u\u017cyte w celu identyfikacji produktu.<\/p>\n<p>Poni\u017cej przedstawiamy sprzedawany produkt:<\/p>\n<p><img src=\"https:\/\/pureventfilters.eu\/4816-large_default\/filtr-eu7-do-swegon-gold-592x592x620.jpg\" alt=\"Filtr EU7 do SWEGON GOLD (592x592x620)\" \/><\/p>\n","protected":false},"excerpt":{"rendered":"<p>Cena dotyczy 1szt. filtra.\u00a0Filtr kieszeniowy klasy \u00a0F7 \/ EU7 \u00a0o wymiarach 592x592x620 \u00a0mm do centrali\u00a0 SWEGON GOLD Przed zakupem prosimy o weryfikacj\u0119 wymiar\u00f3w filtr\u00f3w podanych w ofercie z rzeczywistymi wymiarami filtr\u00f3w montowanych w centrali. Zdj\u0119cie jest jedynie zdj\u0119ciem pogl\u0105dowym filtra. Produkt jest zamiennikiem. Nazwy urz\u0105dze\u0144, cz\u0119\u015bci i marek zosta\u0142y u\u017cyte w celu identyfikacji produktu. Poni\u017cej [&hellip;]<\/p>\n","protected":false},"featured_media":93634,"template":"","meta":[],"_links":{"self":[{"href":"https:\/\/profitstore.pl\/index.php\/wp-json\/wp\/v2\/product\/94807"}],"collection":[{"href":"https:\/\/profitstore.pl\/index.php\/wp-json\/wp\/v2\/product"}],"about":[{"href":"https:\/\/profitstore.pl\/index.php\/wp-json\/wp\/v2\/types\/product"}],"wp:featuredmedia":[{"embeddable":true,"href":"https:\/\/profitstore.pl\/index.php\/wp-json\/wp\/v2\/media\/93634"}],"wp:attachment":[{"href":"https:\/\/profitstore.pl\/index.php\/wp-json\/wp\/v2\/media?parent=94807"}],"curies":[{"name":"wp","href":"https:\/\/api.w.org\/{rel}","templated":true}]}}