{"id":94789,"date":"2026-04-19T17:10:52","date_gmt":"2026-04-19T17:10:52","guid":{"rendered":"https:\/\/profitstore.pl\/index.php\/produkt\/filtr-eu5-do-systemair-kk-kf-016-545x314x94-2\/"},"modified":"2026-04-19T17:10:53","modified_gmt":"2026-04-19T17:10:53","slug":"filtr-eu5-do-systemair-kk-kf-016-545x314x94-2","status":"publish","type":"product","link":"https:\/\/profitstore.pl\/index.php\/produkt\/filtr-eu5-do-systemair-kk-kf-016-545x314x94-2\/","title":{"rendered":"Filtr EU5 do SYSTEMAIR KK\/KF 016 (545x314x94)"},"content":{"rendered":"<p>Filtr kasetowy klasy F5\/EU5 pasuj\u0105cych do centrali wentylacyjnej\u00a0 SYSTEMAIR KK\/KF 016. Zamiennik filtra o kodzie\u00a0Cassetenfilter F5 ,\u00a0303563. Filtry s\u0105 zamiennikami, nazwy producent\u00f3w i marek zosta\u0142y u\u017cyte w celu identyfikacji produktu.<\/p>\n<p>Poni\u017cej przedstawiamy sprzedawany produkt:<\/p>\n<p><img src=\"https:\/\/pureventfilters.eu\/4045-large_default\/filtr-eu5-do-systemair-kkkf-016-545x314x94.jpg\" alt=\"Filtr EU5 do SYSTEMAIR KK\/KF 016 (545x314x94)\" \/><\/p>\n","protected":false},"excerpt":{"rendered":"<p>Filtr kasetowy klasy F5\/EU5 pasuj\u0105cych do centrali wentylacyjnej\u00a0 SYSTEMAIR KK\/KF 016. Zamiennik filtra o kodzie\u00a0Cassetenfilter F5 ,\u00a0303563. Filtry s\u0105 zamiennikami, nazwy producent\u00f3w i marek zosta\u0142y u\u017cyte w celu identyfikacji produktu. Poni\u017cej przedstawiamy sprzedawany produkt:<\/p>\n","protected":false},"featured_media":64712,"template":"","meta":[],"_links":{"self":[{"href":"https:\/\/profitstore.pl\/index.php\/wp-json\/wp\/v2\/product\/94789"}],"collection":[{"href":"https:\/\/profitstore.pl\/index.php\/wp-json\/wp\/v2\/product"}],"about":[{"href":"https:\/\/profitstore.pl\/index.php\/wp-json\/wp\/v2\/types\/product"}],"wp:featuredmedia":[{"embeddable":true,"href":"https:\/\/profitstore.pl\/index.php\/wp-json\/wp\/v2\/media\/64712"}],"wp:attachment":[{"href":"https:\/\/profitstore.pl\/index.php\/wp-json\/wp\/v2\/media?parent=94789"}],"curies":[{"name":"wp","href":"https:\/\/api.w.org\/{rel}","templated":true}]}}