{"id":94785,"date":"2026-04-19T17:10:47","date_gmt":"2026-04-19T17:10:47","guid":{"rendered":"https:\/\/profitstore.pl\/index.php\/produkt\/filtr-eu7-do-systemair-vsr-300-de-393x261x48-2\/"},"modified":"2026-04-19T17:10:49","modified_gmt":"2026-04-19T17:10:49","slug":"filtr-eu7-do-systemair-vsr-300-de-393x261x48-2","status":"publish","type":"product","link":"https:\/\/profitstore.pl\/index.php\/produkt\/filtr-eu7-do-systemair-vsr-300-de-393x261x48-2\/","title":{"rendered":"Filtr EU7 do SYSTEMAIR VSR 300 DE (393x261x48)"},"content":{"rendered":"<p>Filtr kasetowy klasy F7\/EU7 pasuj\u0105cych do centrali wentylacyjnej SYSTEMAIR VSR 300 DE. Zamiennik filtra o kodzie\u00a0 PFVSR 300 DE F7, 208380 Filtry s\u0105 zamiennikami, nazwy producent\u00f3w i marek zosta\u0142y u\u017cyte w celu identyfikacji produktu.<\/p>\n<p>Poni\u017cej przedstawiamy sprzedawany produkt:<\/p>\n<p><img src=\"https:\/\/pureventfilters.eu\/4037-large_default\/filtr-eu7-do-systemair-vsr-300-de-393x261x48.jpg\" alt=\"Filtr EU7 do SYSTEMAIR VSR 300 DE (393x261x48)\" \/><\/p>\n","protected":false},"excerpt":{"rendered":"<p>Filtr kasetowy klasy F7\/EU7 pasuj\u0105cych do centrali wentylacyjnej SYSTEMAIR VSR 300 DE. Zamiennik filtra o kodzie\u00a0 PFVSR 300 DE F7, 208380 Filtry s\u0105 zamiennikami, nazwy producent\u00f3w i marek zosta\u0142y u\u017cyte w celu identyfikacji produktu. Poni\u017cej przedstawiamy sprzedawany produkt:<\/p>\n","protected":false},"featured_media":89911,"template":"","meta":[],"_links":{"self":[{"href":"https:\/\/profitstore.pl\/index.php\/wp-json\/wp\/v2\/product\/94785"}],"collection":[{"href":"https:\/\/profitstore.pl\/index.php\/wp-json\/wp\/v2\/product"}],"about":[{"href":"https:\/\/profitstore.pl\/index.php\/wp-json\/wp\/v2\/types\/product"}],"wp:featuredmedia":[{"embeddable":true,"href":"https:\/\/profitstore.pl\/index.php\/wp-json\/wp\/v2\/media\/89911"}],"wp:attachment":[{"href":"https:\/\/profitstore.pl\/index.php\/wp-json\/wp\/v2\/media?parent=94785"}],"curies":[{"name":"wp","href":"https:\/\/api.w.org\/{rel}","templated":true}]}}