{"id":94784,"date":"2026-04-19T17:10:45","date_gmt":"2026-04-19T17:10:45","guid":{"rendered":"https:\/\/profitstore.pl\/index.php\/produkt\/filtr-eu7-do-systemair-vr-700-dc-de-kod-206280-430x205x47-2\/"},"modified":"2026-04-19T17:10:47","modified_gmt":"2026-04-19T17:10:47","slug":"filtr-eu7-do-systemair-vr-700-dc-de-kod-206280-430x205x47-2","status":"publish","type":"product","link":"https:\/\/profitstore.pl\/index.php\/produkt\/filtr-eu7-do-systemair-vr-700-dc-de-kod-206280-430x205x47-2\/","title":{"rendered":"Filtr EU7 do SystemAir VR 700 DC\/DE kod 206280 (430x205x47)"},"content":{"rendered":"<p>Filtr\u00a0 kasetowy \u00a0klasy\u00a0 F7 \/ EU7 \u00a0pasuj\u0105cych do rekuperatora\u00a0 SYSTEMAIR VR\u00a0700\u00a0DC\/DE. Zamiennik filtra o kodzie B FVR 700 DC\/DE, 206280 Filtry s\u0105 zamiennikami, nazwy producent\u00f3w i marek zosta\u0142y u\u017cyte w celu identyfikacji produktu.<\/p>\n<p>Poni\u017cej przedstawiamy sprzedawany produkt:<\/p>\n<p><img src=\"https:\/\/pureventfilters.eu\/4021-large_default\/filtr-eu7-do-systemair-vr-700-dcde-kod-206280-430x205x47.jpg\" alt=\"Filtr EU7 do SystemAir VR 700 DC\/DE kod 206280 (430x205x47)\" \/><\/p>\n","protected":false},"excerpt":{"rendered":"<p>Filtr\u00a0 kasetowy \u00a0klasy\u00a0 F7 \/ EU7 \u00a0pasuj\u0105cych do rekuperatora\u00a0 SYSTEMAIR VR\u00a0700\u00a0DC\/DE. Zamiennik filtra o kodzie B FVR 700 DC\/DE, 206280 Filtry s\u0105 zamiennikami, nazwy producent\u00f3w i marek zosta\u0142y u\u017cyte w celu identyfikacji produktu. Poni\u017cej przedstawiamy sprzedawany produkt:<\/p>\n","protected":false},"featured_media":64687,"template":"","meta":[],"_links":{"self":[{"href":"https:\/\/profitstore.pl\/index.php\/wp-json\/wp\/v2\/product\/94784"}],"collection":[{"href":"https:\/\/profitstore.pl\/index.php\/wp-json\/wp\/v2\/product"}],"about":[{"href":"https:\/\/profitstore.pl\/index.php\/wp-json\/wp\/v2\/types\/product"}],"wp:featuredmedia":[{"embeddable":true,"href":"https:\/\/profitstore.pl\/index.php\/wp-json\/wp\/v2\/media\/64687"}],"wp:attachment":[{"href":"https:\/\/profitstore.pl\/index.php\/wp-json\/wp\/v2\/media?parent=94784"}],"curies":[{"name":"wp","href":"https:\/\/api.w.org\/{rel}","templated":true}]}}