{"id":94782,"date":"2026-04-26T07:12:52","date_gmt":"2026-04-26T07:12:52","guid":{"rendered":"https:\/\/profitstore.pl\/index.php\/produkt\/filtr-eu4-do-salda-ris-700-v-398x224x150-2\/"},"modified":"2026-04-26T07:12:52","modified_gmt":"2026-04-26T07:12:52","slug":"filtr-eu4-do-salda-ris-700-v-398x224x150-2","status":"publish","type":"product","link":"https:\/\/profitstore.pl\/index.php\/produkt\/filtr-eu4-do-salda-ris-700-v-398x224x150-2\/","title":{"rendered":"Filtr EU4 do SALDA RIS 700 V (398x224x150)"},"content":{"rendered":"<p>Cena dotyczy 1szt. filtra.\u00a0Filtr kieszeniowy klasy\u00a0 G4 \/ EU4 \u00a0o wymiarach\u00a0 398x224x150 \u00a0 mm do centrali\u00a0 SALDA RIS 700 V Wed\u0142ug karty katalogowej\u00a0standardowo montowany zestaw filtr\u00f3w to\u00a01 \u00a0szt. filtra EU5 398x224x280mm + 1szt. filtra EU4 398x224x150mm. Przed zakupem prosimy o weryfikacj\u0119 wymiar\u00f3w filtr\u00f3w podanych w ofercie z rzeczywistymi wymiarami filtr\u00f3w montowanych w centrali. Produkt jest zamiennikiem. Nazwy urz\u0105dze\u0144, cz\u0119\u015bci i marek zosta\u0142y u\u017cyte w celu identyfikacji produktu.<\/p>\n<p>Poni\u017cej przedstawiamy sprzedawany produkt:<\/p>\n<p><img src=\"https:\/\/pureventfilters.eu\/3979-large_default\/filtr-eu4-do-salda-ris-700-v-398x224x150.jpg\" alt=\"Filtr EU4 do SALDA RIS 700 V (398x224x150)\" \/><\/p>\n","protected":false},"excerpt":{"rendered":"<p>Cena dotyczy 1szt. filtra.\u00a0Filtr kieszeniowy klasy\u00a0 G4 \/ EU4 \u00a0o wymiarach\u00a0 398x224x150 \u00a0 mm do centrali\u00a0 SALDA RIS 700 V Wed\u0142ug karty katalogowej\u00a0standardowo montowany zestaw filtr\u00f3w to\u00a01 \u00a0szt. filtra EU5 398x224x280mm + 1szt. filtra EU4 398x224x150mm. Przed zakupem prosimy o weryfikacj\u0119 wymiar\u00f3w filtr\u00f3w podanych w ofercie z rzeczywistymi wymiarami filtr\u00f3w montowanych w centrali. Produkt jest [&hellip;]<\/p>\n","protected":false},"featured_media":64657,"template":"","meta":[],"_links":{"self":[{"href":"https:\/\/profitstore.pl\/index.php\/wp-json\/wp\/v2\/product\/94782"}],"collection":[{"href":"https:\/\/profitstore.pl\/index.php\/wp-json\/wp\/v2\/product"}],"about":[{"href":"https:\/\/profitstore.pl\/index.php\/wp-json\/wp\/v2\/types\/product"}],"wp:featuredmedia":[{"embeddable":true,"href":"https:\/\/profitstore.pl\/index.php\/wp-json\/wp\/v2\/media\/64657"}],"wp:attachment":[{"href":"https:\/\/profitstore.pl\/index.php\/wp-json\/wp\/v2\/media?parent=94782"}],"curies":[{"name":"wp","href":"https:\/\/api.w.org\/{rel}","templated":true}]}}