{"id":94781,"date":"2026-04-19T17:10:38","date_gmt":"2026-04-19T17:10:38","guid":{"rendered":"https:\/\/profitstore.pl\/index.php\/produkt\/filtr-eu5-do-vts-ventus-vvs010s-527x320x48-epm10-55-2\/"},"modified":"2026-04-19T17:10:39","modified_gmt":"2026-04-19T17:10:39","slug":"filtr-eu5-do-vts-ventus-vvs010s-527x320x48-epm10-55-2","status":"publish","type":"product","link":"https:\/\/profitstore.pl\/index.php\/produkt\/filtr-eu5-do-vts-ventus-vvs010s-527x320x48-epm10-55-2\/","title":{"rendered":"Filtr EU5 do VTS\/VENTUS VVS010s (527x320x48) ePM10 55%"},"content":{"rendered":"<p>Filtr panelowy klasy filtracji M5 \u00a0do centrali podwieszanej VENTUS COMPACT VVS010s &#8211; do sekcji z wymiennikiem ciep\u0142a. Filtry s\u0105 zamiennikami, nazwy producent\u00f3w i marek zosta\u0142y u\u017cyte w celu identyfikacji produktu.<\/p>\n<p>Poni\u017cej przedstawiamy sprzedawany produkt:<\/p>\n<p><img src=\"https:\/\/pureventfilters.eu\/4760-large_default\/filtr-eu5-do-vtsventus-vvs010s-527x320x48-epm10-55.jpg\" alt=\"Filtr EU5 do VTS\/VENTUS VVS010s (527x320x48) ePM10 55%\" \/><\/p>\n","protected":false},"excerpt":{"rendered":"<p>Filtr panelowy klasy filtracji M5 \u00a0do centrali podwieszanej VENTUS COMPACT VVS010s &#8211; do sekcji z wymiennikiem ciep\u0142a. Filtry s\u0105 zamiennikami, nazwy producent\u00f3w i marek zosta\u0142y u\u017cyte w celu identyfikacji produktu. Poni\u017cej przedstawiamy sprzedawany produkt:<\/p>\n","protected":false},"featured_media":64649,"template":"","meta":[],"_links":{"self":[{"href":"https:\/\/profitstore.pl\/index.php\/wp-json\/wp\/v2\/product\/94781"}],"collection":[{"href":"https:\/\/profitstore.pl\/index.php\/wp-json\/wp\/v2\/product"}],"about":[{"href":"https:\/\/profitstore.pl\/index.php\/wp-json\/wp\/v2\/types\/product"}],"wp:featuredmedia":[{"embeddable":true,"href":"https:\/\/profitstore.pl\/index.php\/wp-json\/wp\/v2\/media\/64649"}],"wp:attachment":[{"href":"https:\/\/profitstore.pl\/index.php\/wp-json\/wp\/v2\/media?parent=94781"}],"curies":[{"name":"wp","href":"https:\/\/api.w.org\/{rel}","templated":true}]}}