{"id":94772,"date":"2026-04-19T07:15:16","date_gmt":"2026-04-19T07:15:16","guid":{"rendered":"https:\/\/profitstore.pl\/index.php\/produkt\/filtr-eu4-do-salda-ris-400-eko-528x112x203-2\/"},"modified":"2026-04-19T07:15:18","modified_gmt":"2026-04-19T07:15:18","slug":"filtr-eu4-do-salda-ris-400-eko-528x112x203-2","status":"publish","type":"product","link":"https:\/\/profitstore.pl\/index.php\/produkt\/filtr-eu4-do-salda-ris-400-eko-528x112x203-2\/","title":{"rendered":"Filtr EU4 do SALDA RIS 400 EKO (528x112x203)"},"content":{"rendered":"<p>Cena dotyczy 1szt. filtra.\u00a0Filtr kieszeniowy klasy\u00a0 G3\/EU3 \u00a0o wymiarach\u00a0 528x112x203 \u00a0 mm do centrali\u00a0 SALDA RIS\u00a0400\u00a0EKO Wed\u0142ug karty katalogowej\u00a0 standardowo montowany zestaw filtr\u00f3w to 1szt. filtr EU5 297x235x231 + 1szt. filtr EU3 528x112x203 mm .\u00a0 Przed zakupem prosimy o weryfikacj\u0119 wymiar\u00f3w filtr\u00f3w podanych w ofercie z rzeczywistymi wymiarami filtr\u00f3w montowanych w centrali. Produkt jest zamiennikiem. Nazwy urz\u0105dze\u0144, cz\u0119\u015bci i marek zosta\u0142y u\u017cyte w celu identyfikacji produktu.<\/p>\n<p>Poni\u017cej przedstawiamy sprzedawany produkt:<\/p>\n<p><img src=\"https:\/\/pureventfilters.eu\/3980-large_default\/filtr-eu4-do-salda-ris-400-eko-528x112x203.jpg\" alt=\"Filtr EU4 do SALDA RIS 400 EKO (528x112x203)\" \/><\/p>\n","protected":false},"excerpt":{"rendered":"<p>Cena dotyczy 1szt. filtra.\u00a0Filtr kieszeniowy klasy\u00a0 G3\/EU3 \u00a0o wymiarach\u00a0 528x112x203 \u00a0 mm do centrali\u00a0 SALDA RIS\u00a0400\u00a0EKO Wed\u0142ug karty katalogowej\u00a0 standardowo montowany zestaw filtr\u00f3w to 1szt. filtr EU5 297x235x231 + 1szt. filtr EU3 528x112x203 mm .\u00a0 Przed zakupem prosimy o weryfikacj\u0119 wymiar\u00f3w filtr\u00f3w podanych w ofercie z rzeczywistymi wymiarami filtr\u00f3w montowanych w centrali. Produkt jest zamiennikiem. [&hellip;]<\/p>\n","protected":false},"featured_media":89894,"template":"","meta":[],"_links":{"self":[{"href":"https:\/\/profitstore.pl\/index.php\/wp-json\/wp\/v2\/product\/94772"}],"collection":[{"href":"https:\/\/profitstore.pl\/index.php\/wp-json\/wp\/v2\/product"}],"about":[{"href":"https:\/\/profitstore.pl\/index.php\/wp-json\/wp\/v2\/types\/product"}],"wp:featuredmedia":[{"embeddable":true,"href":"https:\/\/profitstore.pl\/index.php\/wp-json\/wp\/v2\/media\/89894"}],"wp:attachment":[{"href":"https:\/\/profitstore.pl\/index.php\/wp-json\/wp\/v2\/media?parent=94772"}],"curies":[{"name":"wp","href":"https:\/\/api.w.org\/{rel}","templated":true}]}}