{"id":94762,"date":"2026-04-26T07:10:42","date_gmt":"2026-04-26T07:10:42","guid":{"rendered":"https:\/\/profitstore.pl\/index.php\/produkt\/filtr-eu4-do-salda-vega-700-e-469x230x25-2\/"},"modified":"2026-04-26T07:10:43","modified_gmt":"2026-04-26T07:10:43","slug":"filtr-eu4-do-salda-vega-700-e-469x230x25-2","status":"publish","type":"product","link":"https:\/\/profitstore.pl\/index.php\/produkt\/filtr-eu4-do-salda-vega-700-e-469x230x25-2\/","title":{"rendered":"Filtr EU4 do SALDA VEGA 700 E (469x230x25)"},"content":{"rendered":"<p>Czy wiesz, ile bakterii przedostaje si\u0119 do Twojego domu przez wentylacj\u0119? Pozb\u0105d\u017a si\u0119 ich, stosuj\u0105c wysokojako\u015bciowe filtry! W naszej ofercie znajdziesz filtr do Salda VEGA 700 \u2014 to godna uwagi centrala wentylacyjna, kt\u00f3ra nie zawiedzie Ci\u0119 ani w domu, ani w biurze. Warunkiem jest, aby wyposa\u017cona zosta\u0142a w filtr, kt\u00f3ry nie przepu\u015bci bakterii, alergen\u00f3w i zanieczyszcze\u0144. Prezentowany przez nas filtr jest dobrym zamiennikiem oryginalnego akcesorium, a wi\u0119c kupisz go w niskiej cenie, zachowuj\u0105c przy tym wszystkie najwa\u017cniejsze w\u0142a\u015bciwo\u015bci markowego produktu. Wybierz filtr do Salda VEGA 700 i ju\u017c zawsze ciesz si\u0119 \u015bwie\u017cym, przefiltrowanym powietrzem. Filtr kasetowy klasy G4\/EU4 pasuj\u0105cy do central wentylacyjnych SALDA VEGA 700 E. Filtry s\u0105 zamiennikami, nazwy producent\u00f3w i marek zosta\u0142y u\u017cyte w celu identyfikacji produktu.<\/p>\n<p>Poni\u017cej przedstawiamy sprzedawany produkt:<\/p>\n<p><img src=\"https:\/\/pureventfilters.eu\/3149-large_default\/filtr-eu4-do-salda-vega-700-e-469x230x25.jpg\" alt=\"Filtr EU4 do SALDA VEGA 700 E (469x230x25)\" \/><\/p>\n","protected":false},"excerpt":{"rendered":"<p>Czy wiesz, ile bakterii przedostaje si\u0119 do Twojego domu przez wentylacj\u0119? Pozb\u0105d\u017a si\u0119 ich, stosuj\u0105c wysokojako\u015bciowe filtry! W naszej ofercie znajdziesz filtr do Salda VEGA 700 \u2014 to godna uwagi centrala wentylacyjna, kt\u00f3ra nie zawiedzie Ci\u0119 ani w domu, ani w biurze. Warunkiem jest, aby wyposa\u017cona zosta\u0142a w filtr, kt\u00f3ry nie przepu\u015bci bakterii, alergen\u00f3w i [&hellip;]<\/p>\n","protected":false},"featured_media":29003,"template":"","meta":[],"_links":{"self":[{"href":"https:\/\/profitstore.pl\/index.php\/wp-json\/wp\/v2\/product\/94762"}],"collection":[{"href":"https:\/\/profitstore.pl\/index.php\/wp-json\/wp\/v2\/product"}],"about":[{"href":"https:\/\/profitstore.pl\/index.php\/wp-json\/wp\/v2\/types\/product"}],"wp:featuredmedia":[{"embeddable":true,"href":"https:\/\/profitstore.pl\/index.php\/wp-json\/wp\/v2\/media\/29003"}],"wp:attachment":[{"href":"https:\/\/profitstore.pl\/index.php\/wp-json\/wp\/v2\/media?parent=94762"}],"curies":[{"name":"wp","href":"https:\/\/api.w.org\/{rel}","templated":true}]}}