{"id":94761,"date":"2026-04-24T07:15:28","date_gmt":"2026-04-24T07:15:28","guid":{"rendered":"https:\/\/profitstore.pl\/index.php\/produkt\/filtr-kieszeniowy-eu5-do-salda-ris-1000-p-350x427x245-2\/"},"modified":"2026-04-24T07:15:29","modified_gmt":"2026-04-24T07:15:29","slug":"filtr-kieszeniowy-eu5-do-salda-ris-1000-p-350x427x245-2","status":"publish","type":"product","link":"https:\/\/profitstore.pl\/index.php\/produkt\/filtr-kieszeniowy-eu5-do-salda-ris-1000-p-350x427x245-2\/","title":{"rendered":"Filtr kieszeniowy EU5 do SALDA RIS 1000 P (350x427x245)"},"content":{"rendered":"<p>Cena dotyczy 1szt. filtra.\u00a0Filtr kieszeniowy klasy M5 \u00a0\/ EU5 \u00a0o wymiarach\u00a0 350x427x245 \u00a0mm do centrali\u00a0 SALDA \u00a0 RIS\u00a01000 P. Wed\u0142ug karty katalogowej\u00a0standardowo montowany zestaw filtr\u00f3w to\u00a0 2 szt. filtra EU5 350x427x245 mm lub EU7 350x427x245 mm. Przed zakupem prosimy o weryfikacj\u0119 wymiar\u00f3w filtr\u00f3w podanych w ofercie z rzeczywistymi wymiarami filtr\u00f3w montowanych w centrali. Produkt jest zamiennikiem. Nazwy urz\u0105dze\u0144, cz\u0119\u015bci i marek zosta\u0142y u\u017cyte w celu identyfikacji produktu.<\/p>\n<p>Poni\u017cej przedstawiamy sprzedawany produkt:<\/p>\n<p><img src=\"https:\/\/pureventfilters.eu\/3985-large_default\/filtr-kieszeniowy-eu5-do-salda-ris-1000-p-350x427x245.jpg\" alt=\"Filtr kieszeniowy EU5 do SALDA RIS 1000 P (350x427x245)\" \/><\/p>\n","protected":false},"excerpt":{"rendered":"<p>Cena dotyczy 1szt. filtra.\u00a0Filtr kieszeniowy klasy M5 \u00a0\/ EU5 \u00a0o wymiarach\u00a0 350x427x245 \u00a0mm do centrali\u00a0 SALDA \u00a0 RIS\u00a01000 P. Wed\u0142ug karty katalogowej\u00a0standardowo montowany zestaw filtr\u00f3w to\u00a0 2 szt. filtra EU5 350x427x245 mm lub EU7 350x427x245 mm. Przed zakupem prosimy o weryfikacj\u0119 wymiar\u00f3w filtr\u00f3w podanych w ofercie z rzeczywistymi wymiarami filtr\u00f3w montowanych w centrali. Produkt jest [&hellip;]<\/p>\n","protected":false},"featured_media":28973,"template":"","meta":[],"_links":{"self":[{"href":"https:\/\/profitstore.pl\/index.php\/wp-json\/wp\/v2\/product\/94761"}],"collection":[{"href":"https:\/\/profitstore.pl\/index.php\/wp-json\/wp\/v2\/product"}],"about":[{"href":"https:\/\/profitstore.pl\/index.php\/wp-json\/wp\/v2\/types\/product"}],"wp:featuredmedia":[{"embeddable":true,"href":"https:\/\/profitstore.pl\/index.php\/wp-json\/wp\/v2\/media\/28973"}],"wp:attachment":[{"href":"https:\/\/profitstore.pl\/index.php\/wp-json\/wp\/v2\/media?parent=94761"}],"curies":[{"name":"wp","href":"https:\/\/api.w.org\/{rel}","templated":true}]}}