{"id":94754,"date":"2026-04-24T07:15:19","date_gmt":"2026-04-24T07:15:19","guid":{"rendered":"https:\/\/profitstore.pl\/index.php\/produkt\/filtr-kasetowy-do-salda-smarty-2r-ve-270x86x46-2\/"},"modified":"2026-04-24T07:15:20","modified_gmt":"2026-04-24T07:15:20","slug":"filtr-kasetowy-do-salda-smarty-2r-ve-270x86x46-2","status":"publish","type":"product","link":"https:\/\/profitstore.pl\/index.php\/produkt\/filtr-kasetowy-do-salda-smarty-2r-ve-270x86x46-2\/","title":{"rendered":"Filtr kasetowy do SALDA SMARTY 2R VE (270x86x46)"},"content":{"rendered":"<p>Filtr kasetowy\u00a0 1 szt.\u00a0 pasuj\u0105cy do centrali marki SALDA model SMARTY 2R VE. Wymiary:\u00a0 270x86x46 Klasa filtracji wg EN 779:2012 : do wyboru\u00a0 F7 i M5 Ramka filtra: kartonowa Wk\u0142ad filtra: mata filtracyjna MiniPleat\u00a0 Producent zaleca monta\u017c\u00a0 dw\u00f3ch \u00a0filtr\u00f3w w centrali:\u00a0 filtr w klasie filtracji\u00a0 F7 na nawiewie \u00a0oraz filtr w klasie filtracji\u00a0 F5 na wywiewie.\u00a0 Filtry s\u0105 zamiennikami, nazwy producent\u00f3w i marek zosta\u0142y u\u017cyte w celu identyfikacji produktu.<\/p>\n<p>Poni\u017cej przedstawiamy sprzedawany produkt:<\/p>\n<p><img src=\"https:\/\/pureventfilters.eu\/3025-large_default\/filtr-kasetowy-do-salda-smarty-2r-ve-270x86x46.jpg\" alt=\"Filtr kasetowy do SALDA SMARTY 2R VE (270x86x46)\" \/><\/p>\n","protected":false},"excerpt":{"rendered":"<p>Filtr kasetowy\u00a0 1 szt.\u00a0 pasuj\u0105cy do centrali marki SALDA model SMARTY 2R VE. Wymiary:\u00a0 270x86x46 Klasa filtracji wg EN 779:2012 : do wyboru\u00a0 F7 i M5 Ramka filtra: kartonowa Wk\u0142ad filtra: mata filtracyjna MiniPleat\u00a0 Producent zaleca monta\u017c\u00a0 dw\u00f3ch \u00a0filtr\u00f3w w centrali:\u00a0 filtr w klasie filtracji\u00a0 F7 na nawiewie \u00a0oraz filtr w klasie filtracji\u00a0 F5 na [&hellip;]<\/p>\n","protected":false},"featured_media":28955,"template":"","meta":[],"_links":{"self":[{"href":"https:\/\/profitstore.pl\/index.php\/wp-json\/wp\/v2\/product\/94754"}],"collection":[{"href":"https:\/\/profitstore.pl\/index.php\/wp-json\/wp\/v2\/product"}],"about":[{"href":"https:\/\/profitstore.pl\/index.php\/wp-json\/wp\/v2\/types\/product"}],"wp:featuredmedia":[{"embeddable":true,"href":"https:\/\/profitstore.pl\/index.php\/wp-json\/wp\/v2\/media\/28955"}],"wp:attachment":[{"href":"https:\/\/profitstore.pl\/index.php\/wp-json\/wp\/v2\/media?parent=94754"}],"curies":[{"name":"wp","href":"https:\/\/api.w.org\/{rel}","templated":true}]}}