{"id":94752,"date":"2026-04-24T07:15:16","date_gmt":"2026-04-24T07:15:16","guid":{"rendered":"https:\/\/profitstore.pl\/index.php\/produkt\/filtr-eu5-do-rekuperatora-systemair-save-vtc-700-742x253x94-2\/"},"modified":"2026-04-24T07:15:18","modified_gmt":"2026-04-24T07:15:18","slug":"filtr-eu5-do-rekuperatora-systemair-save-vtc-700-742x253x94-2","status":"publish","type":"product","link":"https:\/\/profitstore.pl\/index.php\/produkt\/filtr-eu5-do-rekuperatora-systemair-save-vtc-700-742x253x94-2\/","title":{"rendered":"Filtr EU5 do rekuperatora SYSTEMAIR SAVE VTC 700 (742x253x94)"},"content":{"rendered":"<p>Filtr\u00a0 kasetowy \u00a0klasy\u00a0 M5\/EU5 \u00a0pasuj\u0105cych do rekuperatora\u00a0 SYSTEMAIR SAVE VTC 700. Zamiennik filtra o kodzie PF VTC\/VTR 700 M5 Filtry s\u0105 zamiennikami, nazwy producent\u00f3w i marek zosta\u0142y u\u017cyte w celu identyfikacji produktu.<\/p>\n<p>Poni\u017cej przedstawiamy sprzedawany produkt:<\/p>\n<p><img src=\"https:\/\/pureventfilters.eu\/3019-large_default\/filtr-eu5-do-rekuperatora-systemair-save-vtc-700-742x253x94.jpg\" alt=\"Filtr EU5 do rekuperatora SYSTEMAIR SAVE VTC 700 (742x253x94)\" \/><\/p>\n","protected":false},"excerpt":{"rendered":"<p>Filtr\u00a0 kasetowy \u00a0klasy\u00a0 M5\/EU5 \u00a0pasuj\u0105cych do rekuperatora\u00a0 SYSTEMAIR SAVE VTC 700. Zamiennik filtra o kodzie PF VTC\/VTR 700 M5 Filtry s\u0105 zamiennikami, nazwy producent\u00f3w i marek zosta\u0142y u\u017cyte w celu identyfikacji produktu. Poni\u017cej przedstawiamy sprzedawany produkt:<\/p>\n","protected":false},"featured_media":28953,"template":"","meta":[],"_links":{"self":[{"href":"https:\/\/profitstore.pl\/index.php\/wp-json\/wp\/v2\/product\/94752"}],"collection":[{"href":"https:\/\/profitstore.pl\/index.php\/wp-json\/wp\/v2\/product"}],"about":[{"href":"https:\/\/profitstore.pl\/index.php\/wp-json\/wp\/v2\/types\/product"}],"wp:featuredmedia":[{"embeddable":true,"href":"https:\/\/profitstore.pl\/index.php\/wp-json\/wp\/v2\/media\/28953"}],"wp:attachment":[{"href":"https:\/\/profitstore.pl\/index.php\/wp-json\/wp\/v2\/media?parent=94752"}],"curies":[{"name":"wp","href":"https:\/\/api.w.org\/{rel}","templated":true}]}}