{"id":94748,"date":"2026-04-24T17:07:07","date_gmt":"2026-04-24T17:07:07","guid":{"rendered":"https:\/\/profitstore.pl\/index.php\/produkt\/filtr-eu7-do-komfovent-domekt-cf-200-v-i-300-v-365x135x46-2\/"},"modified":"2026-04-24T17:07:08","modified_gmt":"2026-04-24T17:07:08","slug":"filtr-eu7-do-komfovent-domekt-cf-200-v-i-300-v-365x135x46-2","status":"publish","type":"product","link":"https:\/\/profitstore.pl\/index.php\/produkt\/filtr-eu7-do-komfovent-domekt-cf-200-v-i-300-v-365x135x46-2\/","title":{"rendered":"Filtr EU7 do KOMFOVENT DOMEKT CF 200 V i 300 V (365x135x46)"},"content":{"rendered":"<p>Filtr kasetowy\u00a0klasy \u00a0F7\/EU7 \u00a0pasuj\u0105cy do centrali wentylacyjnej KOMFOVENT DOMEKT\u00a0CF 200 V DOMEKT CF 300 V Prowadzimy sprzeda\u017c filtr\u00f3w w kasecie metalowej gdzie zalet\u0105 takiego rozwi\u0105zania jest mo\u017cliwo\u015b\u0107 samodzielnej wymiany wk\u0142adu filtracyjnego, oraz obni\u017cenie koszt\u00f3w eksploatacji. Wk\u0142ady dost\u0119pne w atrakcyjnych cenach. Filtr\u00a0jest zamiennikiem. Nazwy urz\u0105dze\u0144, cz\u0119\u015bci i marek zosta\u0142y u\u017cyte w celu identyfikacji produktu.<\/p>\n<p>Poni\u017cej przedstawiamy sprzedawany produkt:<\/p>\n<p><img src=\"https:\/\/pureventfilters.eu\/4517-large_default\/filtr-eu7-komfovent-domekt-cf-200v-300v-365x135x46.jpg\" alt=\"Filtr EU7 do KOMFOVENT DOMEKT CF 200 V i 300 V (365x135x46)\" \/><\/p>\n","protected":false},"excerpt":{"rendered":"<p>Filtr kasetowy\u00a0klasy \u00a0F7\/EU7 \u00a0pasuj\u0105cy do centrali wentylacyjnej KOMFOVENT DOMEKT\u00a0CF 200 V DOMEKT CF 300 V Prowadzimy sprzeda\u017c filtr\u00f3w w kasecie metalowej gdzie zalet\u0105 takiego rozwi\u0105zania jest mo\u017cliwo\u015b\u0107 samodzielnej wymiany wk\u0142adu filtracyjnego, oraz obni\u017cenie koszt\u00f3w eksploatacji. Wk\u0142ady dost\u0119pne w atrakcyjnych cenach. Filtr\u00a0jest zamiennikiem. Nazwy urz\u0105dze\u0144, cz\u0119\u015bci i marek zosta\u0142y u\u017cyte w celu identyfikacji produktu. Poni\u017cej przedstawiamy [&hellip;]<\/p>\n","protected":false},"featured_media":111378,"template":"","meta":[],"_links":{"self":[{"href":"https:\/\/profitstore.pl\/index.php\/wp-json\/wp\/v2\/product\/94748"}],"collection":[{"href":"https:\/\/profitstore.pl\/index.php\/wp-json\/wp\/v2\/product"}],"about":[{"href":"https:\/\/profitstore.pl\/index.php\/wp-json\/wp\/v2\/types\/product"}],"wp:featuredmedia":[{"embeddable":true,"href":"https:\/\/profitstore.pl\/index.php\/wp-json\/wp\/v2\/media\/111378"}],"wp:attachment":[{"href":"https:\/\/profitstore.pl\/index.php\/wp-json\/wp\/v2\/media?parent=94748"}],"curies":[{"name":"wp","href":"https:\/\/api.w.org\/{rel}","templated":true}]}}