{"id":94736,"date":"2026-04-24T17:06:54","date_gmt":"2026-04-24T17:06:54","guid":{"rendered":"https:\/\/profitstore.pl\/index.php\/produkt\/filtr-eu5-do-komfovent-domekt-r-500-v-h-oraz-700-v-h-540x260x46-2\/"},"modified":"2026-04-24T17:06:54","modified_gmt":"2026-04-24T17:06:54","slug":"filtr-eu5-do-komfovent-domekt-r-500-v-h-oraz-700-v-h-540x260x46-2","status":"publish","type":"product","link":"https:\/\/profitstore.pl\/index.php\/produkt\/filtr-eu5-do-komfovent-domekt-r-500-v-h-oraz-700-v-h-540x260x46-2\/","title":{"rendered":"Filtr EU5 do KOMFOVENT DOMEKT R 500 V\/H oraz 700 V\/H (540x260x46)"},"content":{"rendered":"<p>Filtr klasy EU5\/M5 pasuj\u0105cy do centrali wentylacyjnej KOMFOVENT : DOMEKT R 500 H DOMEKT R 500\u00a0V DOMEKT R 700 H DOMEKT R 700 V Filtry s\u0105 zamiennikami, nazwy producent\u00f3w i marek zosta\u0142y u\u017cyte w celu identyfikacji produktu. Prowadzimy sprzeda\u017c filtr\u00f3w w kasecie metalowej gdzie zalet\u0105 takiego rozwi\u0105zania jest mo\u017cliwo\u015b\u0107 samodzielnej wymiany wk\u0142adu filtracyjnego, oraz obni\u017cenie koszt\u00f3w eksploatacji. Wk\u0142ady dost\u0119pne w atrakcyjnych cenach.<\/p>\n<p>Poni\u017cej przedstawiamy sprzedawany produkt:<\/p>\n<p><img src=\"https:\/\/pureventfilters.eu\/4323-large_default\/filtr-eu5-do-komfovent-domekt-r-500-vh-oraz-700-vh-540x260x46.jpg\" alt=\"Filtr EU5 do KOMFOVENT DOMEKT R 500 V\/H oraz 700 V\/H (540x260x46)\" \/><\/p>\n","protected":false},"excerpt":{"rendered":"<p>Filtr klasy EU5\/M5 pasuj\u0105cy do centrali wentylacyjnej KOMFOVENT : DOMEKT R 500 H DOMEKT R 500\u00a0V DOMEKT R 700 H DOMEKT R 700 V Filtry s\u0105 zamiennikami, nazwy producent\u00f3w i marek zosta\u0142y u\u017cyte w celu identyfikacji produktu. Prowadzimy sprzeda\u017c filtr\u00f3w w kasecie metalowej gdzie zalet\u0105 takiego rozwi\u0105zania jest mo\u017cliwo\u015b\u0107 samodzielnej wymiany wk\u0142adu filtracyjnego, oraz obni\u017cenie [&hellip;]<\/p>\n","protected":false},"featured_media":64050,"template":"","meta":[],"_links":{"self":[{"href":"https:\/\/profitstore.pl\/index.php\/wp-json\/wp\/v2\/product\/94736"}],"collection":[{"href":"https:\/\/profitstore.pl\/index.php\/wp-json\/wp\/v2\/product"}],"about":[{"href":"https:\/\/profitstore.pl\/index.php\/wp-json\/wp\/v2\/types\/product"}],"wp:featuredmedia":[{"embeddable":true,"href":"https:\/\/profitstore.pl\/index.php\/wp-json\/wp\/v2\/media\/64050"}],"wp:attachment":[{"href":"https:\/\/profitstore.pl\/index.php\/wp-json\/wp\/v2\/media?parent=94736"}],"curies":[{"name":"wp","href":"https:\/\/api.w.org\/{rel}","templated":true}]}}