{"id":94717,"date":"2026-04-21T17:09:20","date_gmt":"2026-04-21T17:09:20","guid":{"rendered":"https:\/\/profitstore.pl\/index.php\/produkt\/filtr-eu5-komfovent-verso-cf-1000-1300-1700-2300-u-h-v-2\/"},"modified":"2026-04-21T17:09:22","modified_gmt":"2026-04-21T17:09:22","slug":"filtr-eu5-komfovent-verso-cf-1000-1300-1700-2300-u-h-v-2","status":"publish","type":"product","link":"https:\/\/profitstore.pl\/index.php\/produkt\/filtr-eu5-komfovent-verso-cf-1000-1300-1700-2300-u-h-v-2\/","title":{"rendered":"Filtr EU5 KOMFOVENT VERSO CF 1000 \/ 1300 \/ 1700 \/ 2300 U \/ H \/ V"},"content":{"rendered":"<p>Filtr kasetowy klasy \u00a0EU5\/M5 \u00a0pasuj\u0105cy do centrali wentylacyjnej\u00a0 KOMFOVENT : VERSO CF 1000 U VERSO CF 1000\u00a0H VERSO CF 1000\u00a0V VERSO CF 1300 U VERSO CF 1300\u00a0H VERSO CF 1300\u00a0V VERSO CF 1700 U VERSO CF 1700\u00a0H VERSO CF 1700\u00a0V VERSO CF 2300 U VERSO CF 2300\u00a0H VERSO CF 2300\u00a0V Filtry s\u0105 zamiennikami, nazwy producent\u00f3w i marek zosta\u0142y u\u017cyte w celu identyfikacji produktu. Prowadzimy sprzeda\u017c filtr\u00f3w w kasecie metalowej gdzie zalet\u0105 takiego rozwi\u0105zania jest mo\u017cliwo\u015b\u0107 samodzielnej wymiany wk\u0142adu filtracyjnego, oraz obni\u017cenie koszt\u00f3w eksploatacji. Wk\u0142ady dost\u0119pne w atrakcyjnych cenach.<\/p>\n<p>Poni\u017cej przedstawiamy sprzedawany produkt:<\/p>\n<p><img src=\"https:\/\/pureventfilters.eu\/4669-large_default\/filtr-eu5-komfovent-verso-cf-1000-1300-1700-2300-u-h-v-800x400x46.jpg\" alt=\"Filtr EU5 KOMFOVENT VERSO CF 1000 \/ 1300 \/ 1700 \/ 2300 U \/ H \/ V\" \/><\/p>\n","protected":false},"excerpt":{"rendered":"<p>Filtr kasetowy klasy \u00a0EU5\/M5 \u00a0pasuj\u0105cy do centrali wentylacyjnej\u00a0 KOMFOVENT : VERSO CF 1000 U VERSO CF 1000\u00a0H VERSO CF 1000\u00a0V VERSO CF 1300 U VERSO CF 1300\u00a0H VERSO CF 1300\u00a0V VERSO CF 1700 U VERSO CF 1700\u00a0H VERSO CF 1700\u00a0V VERSO CF 2300 U VERSO CF 2300\u00a0H VERSO CF 2300\u00a0V Filtry s\u0105 zamiennikami, nazwy producent\u00f3w [&hellip;]<\/p>\n","protected":false},"featured_media":63985,"template":"","meta":[],"_links":{"self":[{"href":"https:\/\/profitstore.pl\/index.php\/wp-json\/wp\/v2\/product\/94717"}],"collection":[{"href":"https:\/\/profitstore.pl\/index.php\/wp-json\/wp\/v2\/product"}],"about":[{"href":"https:\/\/profitstore.pl\/index.php\/wp-json\/wp\/v2\/types\/product"}],"wp:featuredmedia":[{"embeddable":true,"href":"https:\/\/profitstore.pl\/index.php\/wp-json\/wp\/v2\/media\/63985"}],"wp:attachment":[{"href":"https:\/\/profitstore.pl\/index.php\/wp-json\/wp\/v2\/media?parent=94717"}],"curies":[{"name":"wp","href":"https:\/\/api.w.org\/{rel}","templated":true}]}}