{"id":94686,"date":"2024-02-28T08:10:00","date_gmt":"2024-02-28T08:10:00","guid":{"rendered":"https:\/\/profitstore.pl\/index.php\/produkt\/worki-do-makita-vc-2010l-vc-2511-vc-2012l-karcher-wd-6-5szt-2\/"},"modified":"2024-02-28T08:10:04","modified_gmt":"2024-02-28T08:10:04","slug":"worki-do-makita-vc-2010l-vc-2511-vc-2012l-karcher-wd-6-5szt-2","status":"publish","type":"product","link":"https:\/\/profitstore.pl\/index.php\/produkt\/worki-do-makita-vc-2010l-vc-2511-vc-2012l-karcher-wd-6-5szt-2\/","title":{"rendered":"Worki do MAKITA VC 2010L, VC 2511, VC 2012L, KARCHER WD 6 &#8211; 5szt."},"content":{"rendered":"<p>Worki przeznaczone s\u0105 do nast\u0119puj\u0105cych modeli odkurzaczy: DEDRA: \u00a06602 DEXTER: \u00a0DXS 99P,\u00a0VQ1420SFD FEIN: \u00a0Dustex 25 GRAPHITE: \u00a059G607 HAGEN: \u00a0TTD VC30 HAMACH: \u00a0HMV 2500,\u00a0HMV 3,\u00a0HMV 5,\u00a0HMV 7 K\u00c4RCHER: \u00a0MV 6,\u00a0MV 6 Premium,\u00a0WD 6 Premium,\u00a0WD 7.000-7.800 MAKITA:\u00a0 VC 2012 L,\u00a0VC 2211 MX1,\u00a0VC 2510 LX1,\u00a0VC 2512 L,\u00a0VC 3011 L,\u00a0VC 3210 LX1,\u00a0VC 3211 HX1 NILFISK: \u00a0Multi 30 NILFISK-ALTO: \u00a0Aero 31-21 OBI: \u00a0NTS PANSAM: \u00a0A063040 ,\u00a0A065000,\u00a0A065010,\u00a0A065020,\u00a0A065030 PARKSIDE: \u00a0PNTS 1500 C4 SPARKY: \u00a0VC 1431 MS Worki s\u0105 zamiennikami, nazwy marek i urz\u0105dze\u0144 zosta\u0142y u\u017cyte w celu identyfikacji produktu.<\/p>\n<p>Poni\u017cej przedstawiamy sprzedawany produkt:<\/p>\n<p><img src=\"https:\/\/pureventfilters.eu\/2660-large_default\/worki-do-makita-vc-2010l-vc-2511-vc-2012l-karcher-wd-6-5szt.jpg\" alt=\"Worki do MAKITA VC 2010L, VC 2511, VC 2012L, KARCHER WD 6 - 5szt.\" \/><\/p>\n","protected":false},"excerpt":{"rendered":"<p>Worki przeznaczone s\u0105 do nast\u0119puj\u0105cych modeli odkurzaczy: DEDRA: \u00a06602 DEXTER: \u00a0DXS 99P,\u00a0VQ1420SFD FEIN: \u00a0Dustex 25 GRAPHITE: \u00a059G607 HAGEN: \u00a0TTD VC30 HAMACH: \u00a0HMV 2500,\u00a0HMV 3,\u00a0HMV 5,\u00a0HMV 7 K\u00c4RCHER: \u00a0MV 6,\u00a0MV 6 Premium,\u00a0WD 6 Premium,\u00a0WD 7.000-7.800 MAKITA:\u00a0 VC 2012 L,\u00a0VC 2211 MX1,\u00a0VC 2510 LX1,\u00a0VC 2512 L,\u00a0VC 3011 L,\u00a0VC 3210 LX1,\u00a0VC 3211 HX1 NILFISK: \u00a0Multi 30 NILFISK-ALTO: \u00a0Aero [&hellip;]<\/p>\n","protected":false},"featured_media":28768,"template":"","meta":[],"_links":{"self":[{"href":"https:\/\/profitstore.pl\/index.php\/wp-json\/wp\/v2\/product\/94686"}],"collection":[{"href":"https:\/\/profitstore.pl\/index.php\/wp-json\/wp\/v2\/product"}],"about":[{"href":"https:\/\/profitstore.pl\/index.php\/wp-json\/wp\/v2\/types\/product"}],"wp:featuredmedia":[{"embeddable":true,"href":"https:\/\/profitstore.pl\/index.php\/wp-json\/wp\/v2\/media\/28768"}],"wp:attachment":[{"href":"https:\/\/profitstore.pl\/index.php\/wp-json\/wp\/v2\/media?parent=94686"}],"curies":[{"name":"wp","href":"https:\/\/api.w.org\/{rel}","templated":true}]}}