{"id":94643,"date":"2023-08-21T17:04:32","date_gmt":"2023-08-21T17:04:32","guid":{"rendered":"https:\/\/profitstore.pl\/index.php\/produkt\/sztyft-do-czyszczenia-zelazek-vigor-2\/"},"modified":"2023-08-21T17:04:33","modified_gmt":"2023-08-21T17:04:33","slug":"sztyft-do-czyszczenia-zelazek-vigor-2","status":"publish","type":"product","link":"https:\/\/profitstore.pl\/index.php\/produkt\/sztyft-do-czyszczenia-zelazek-vigor-2\/","title":{"rendered":"Sztyft do czyszczenia \u017celazek (Vigor)"},"content":{"rendered":"<p>Instrukcja obs\u0142ugi:\u00a0 Pod\u0142\u0105cz \u017celazko do pr\u0105du i ustaw termostat w pozycji MIN lub zaczekaj a\u017c \u017celazko nagrzeje si\u0119 do temperatury 110 &#8211; 130 stopni C. Po osi\u0105gni\u0119ciu wymaganej temperatury od\u0142\u0105cz \u017celazko od sieci elektrycznej. Pozostaw \u017celazko pionowo na \u015bciereczce, w kt\u00f3r\u0105 wsi\u0105kn\u0105 krople rozpuszczonego sztyftu. Rozprowad\u017a sztyft po ca\u0142ej p\u0142ycie \u017celazka. Przetrzyj \u015bciereczk\u0105 p\u0142yt\u0119 \u017celazka. Stanie si\u0119 ona b\u0142yszcz\u0105ca i g\u0142adka. W przypadku \u017celazka na par\u0119, pod\u0142\u0105cz do pr\u0105du i odparuj wod\u0119 aby oczy\u015bci\u0107 otworki.<\/p>\n<p>Poni\u017cej przedstawiamy sprzedawany produkt:<\/p>\n<p><img src=\"https:\/\/pureventfilters.eu\/2092-large_default\/sztyft-do-czyszczenia-zelazek-vigor.jpg\" alt=\"Sztyft do czyszczenia \u017celazek (Vigor)\" \/><\/p>\n","protected":false},"excerpt":{"rendered":"<p>Instrukcja obs\u0142ugi:\u00a0 Pod\u0142\u0105cz \u017celazko do pr\u0105du i ustaw termostat w pozycji MIN lub zaczekaj a\u017c \u017celazko nagrzeje si\u0119 do temperatury 110 &#8211; 130 stopni C. Po osi\u0105gni\u0119ciu wymaganej temperatury od\u0142\u0105cz \u017celazko od sieci elektrycznej. Pozostaw \u017celazko pionowo na \u015bciereczce, w kt\u00f3r\u0105 wsi\u0105kn\u0105 krople rozpuszczonego sztyftu. Rozprowad\u017a sztyft po ca\u0142ej p\u0142ycie \u017celazka. Przetrzyj \u015bciereczk\u0105 p\u0142yt\u0119 \u017celazka. [&hellip;]<\/p>\n","protected":false},"featured_media":0,"template":"","meta":[],"_links":{"self":[{"href":"https:\/\/profitstore.pl\/index.php\/wp-json\/wp\/v2\/product\/94643"}],"collection":[{"href":"https:\/\/profitstore.pl\/index.php\/wp-json\/wp\/v2\/product"}],"about":[{"href":"https:\/\/profitstore.pl\/index.php\/wp-json\/wp\/v2\/types\/product"}],"wp:attachment":[{"href":"https:\/\/profitstore.pl\/index.php\/wp-json\/wp\/v2\/media?parent=94643"}],"curies":[{"name":"wp","href":"https:\/\/api.w.org\/{rel}","templated":true}]}}