{"id":94641,"date":"2023-07-11T07:06:36","date_gmt":"2023-07-11T07:06:36","guid":{"rendered":"https:\/\/profitstore.pl\/index.php\/produkt\/worki-syntetyczne-do-samsung-sc-5450-sc-5480-sc-5481-sc-5490-2\/"},"modified":"2023-07-11T07:06:37","modified_gmt":"2023-07-11T07:06:37","slug":"worki-syntetyczne-do-samsung-sc-5450-sc-5480-sc-5481-sc-5490-2","status":"publish","type":"product","link":"https:\/\/profitstore.pl\/index.php\/produkt\/worki-syntetyczne-do-samsung-sc-5450-sc-5480-sc-5481-sc-5490-2\/","title":{"rendered":"Worki syntetyczne do SAMSUNG SC 5450 SC 5480 SC 5481 SC 5490"},"content":{"rendered":"<p>Worki pasuj\u0105 do nast\u0119puj\u0105cych modeli odkurzaczy SAMSUNG: MODEL SC: 5450, 5480, 5481, 5490, 52E0, 5285, 5240, 52E5, 5250, 5255, 5285, 5450, 5480, 5481, 5485 MODEL VP: 99, 99B, 54<\/p>\n<p>Poni\u017cej przedstawiamy sprzedawany produkt:<\/p>\n<p><img src=\"https:\/\/pureventfilters.eu\/2102-large_default\/worki-syntetyczne-do-samsung-sc-5450-sc-5480-sc-5481-sc-5490.jpg\" alt=\"Worki syntetyczne do SAMSUNG SC 5450 SC 5480 SC 5481 SC 5490\" \/><\/p>\n","protected":false},"excerpt":{"rendered":"<p>Worki pasuj\u0105 do nast\u0119puj\u0105cych modeli odkurzaczy SAMSUNG: MODEL SC: 5450, 5480, 5481, 5490, 52E0, 5285, 5240, 52E5, 5250, 5255, 5285, 5450, 5480, 5481, 5485 MODEL VP: 99, 99B, 54 Poni\u017cej przedstawiamy sprzedawany produkt:<\/p>\n","protected":false},"featured_media":28593,"template":"","meta":[],"_links":{"self":[{"href":"https:\/\/profitstore.pl\/index.php\/wp-json\/wp\/v2\/product\/94641"}],"collection":[{"href":"https:\/\/profitstore.pl\/index.php\/wp-json\/wp\/v2\/product"}],"about":[{"href":"https:\/\/profitstore.pl\/index.php\/wp-json\/wp\/v2\/types\/product"}],"wp:featuredmedia":[{"embeddable":true,"href":"https:\/\/profitstore.pl\/index.php\/wp-json\/wp\/v2\/media\/28593"}],"wp:attachment":[{"href":"https:\/\/profitstore.pl\/index.php\/wp-json\/wp\/v2\/media?parent=94641"}],"curies":[{"name":"wp","href":"https:\/\/api.w.org\/{rel}","templated":true}]}}