{"id":94625,"date":"2026-04-19T07:04:08","date_gmt":"2026-04-19T07:04:08","guid":{"rendered":"https:\/\/profitstore.pl\/index.php\/produkt\/filtr-eu5-zehnder-comfoair-q350-q450-q600-500x160x25-2\/"},"modified":"2026-04-19T07:04:10","modified_gmt":"2026-04-19T07:04:10","slug":"filtr-eu5-zehnder-comfoair-q350-q450-q600-500x160x25-2","status":"publish","type":"product","link":"https:\/\/profitstore.pl\/index.php\/produkt\/filtr-eu5-zehnder-comfoair-q350-q450-q600-500x160x25-2\/","title":{"rendered":"Filtr EU5 ZEHNDER ComfoAir Q350 Q450 Q600 (500x160x25)"},"content":{"rendered":"<p>Filtr kasetowy\u00a0 klasy M5\/EU5 \u00a0pasuj\u0105cych do centrali wentylacyjnej\u00a0 ZEHNDER : ComfoAir Q350 ComfoAir Q450 ComfoAir Q600 Filtry s\u0105 zamiennikami, nazwy producent\u00f3w i marek zosta\u0142y u\u017cyte w celu identyfikacji produktu. Prowadzimy sprzeda\u017c filtr\u00f3w w kasecie metalowej gdzie zalet\u0105 takiego rozwi\u0105zania jest mo\u017cliwo\u015b\u0107 samodzielnej wymiany wk\u0142adu filtracyjnego, oraz obni\u017cenie koszt\u00f3w eksploatacji. Wk\u0142ady dost\u0119pne w atrakcyjnych cenach.<\/p>\n<p>Poni\u017cej przedstawiamy sprzedawany produkt:<\/p>\n<p><img src=\"https:\/\/pureventfilters.eu\/1919-large_default\/filtr-eu5-zehnder-comfoair-q350-q450-q600-500x160x25.jpg\" alt=\"Filtr EU5 ZEHNDER ComfoAir Q350 Q450 Q600 (500x160x25)\" \/><\/p>\n","protected":false},"excerpt":{"rendered":"<p>Filtr kasetowy\u00a0 klasy M5\/EU5 \u00a0pasuj\u0105cych do centrali wentylacyjnej\u00a0 ZEHNDER : ComfoAir Q350 ComfoAir Q450 ComfoAir Q600 Filtry s\u0105 zamiennikami, nazwy producent\u00f3w i marek zosta\u0142y u\u017cyte w celu identyfikacji produktu. Prowadzimy sprzeda\u017c filtr\u00f3w w kasecie metalowej gdzie zalet\u0105 takiego rozwi\u0105zania jest mo\u017cliwo\u015b\u0107 samodzielnej wymiany wk\u0142adu filtracyjnego, oraz obni\u017cenie koszt\u00f3w eksploatacji. Wk\u0142ady dost\u0119pne w atrakcyjnych cenach. Poni\u017cej [&hellip;]<\/p>\n","protected":false},"featured_media":28541,"template":"","meta":[],"_links":{"self":[{"href":"https:\/\/profitstore.pl\/index.php\/wp-json\/wp\/v2\/product\/94625"}],"collection":[{"href":"https:\/\/profitstore.pl\/index.php\/wp-json\/wp\/v2\/product"}],"about":[{"href":"https:\/\/profitstore.pl\/index.php\/wp-json\/wp\/v2\/types\/product"}],"wp:featuredmedia":[{"embeddable":true,"href":"https:\/\/profitstore.pl\/index.php\/wp-json\/wp\/v2\/media\/28541"}],"wp:attachment":[{"href":"https:\/\/profitstore.pl\/index.php\/wp-json\/wp\/v2\/media?parent=94625"}],"curies":[{"name":"wp","href":"https:\/\/api.w.org\/{rel}","templated":true}]}}