{"id":94608,"date":"2023-08-21T17:03:17","date_gmt":"2023-08-21T17:03:17","guid":{"rendered":"https:\/\/profitstore.pl\/index.php\/produkt\/worki-do-miele-m-2-seria-s-217-226-seria-s-233-5szt-2\/"},"modified":"2023-08-21T17:03:17","modified_gmt":"2023-08-21T17:03:17","slug":"worki-do-miele-m-2-seria-s-217-226-seria-s-233-5szt-2","status":"publish","type":"product","link":"https:\/\/profitstore.pl\/index.php\/produkt\/worki-do-miele-m-2-seria-s-217-226-seria-s-233-5szt-2\/","title":{"rendered":"WORKI DO MIELE M-2 Seria S 217-226, Seria S 233  5szt."},"content":{"rendered":"<p>Worek przeznaczony do odkurzaczy MIELE: Seria S 217-226 Seria S 233 Wymiary worka: d\u0142ugo\u015b\u0107 338 mm, szeroko\u015b\u0107 197 mm, wysoko\u015b\u0107 130mm Wymiary tekturki: 94 mm x 115 mm, otw\u00f3r 45 mm<\/p>\n<p>Poni\u017cej przedstawiamy sprzedawany produkt:<\/p>\n<p><img src=\"https:\/\/pureventfilters.eu\/1404-large_default\/worki-do-miele-m-2-seria-s-217-226-seria-s-233-5szt.jpg\" alt=\"WORKI DO MIELE M-2 Seria S 217-226, Seria S 233  5szt.\" \/><\/p>\n","protected":false},"excerpt":{"rendered":"<p>Worek przeznaczony do odkurzaczy MIELE: Seria S 217-226 Seria S 233 Wymiary worka: d\u0142ugo\u015b\u0107 338 mm, szeroko\u015b\u0107 197 mm, wysoko\u015b\u0107 130mm Wymiary tekturki: 94 mm x 115 mm, otw\u00f3r 45 mm Poni\u017cej przedstawiamy sprzedawany produkt:<\/p>\n","protected":false},"featured_media":0,"template":"","meta":[],"_links":{"self":[{"href":"https:\/\/profitstore.pl\/index.php\/wp-json\/wp\/v2\/product\/94608"}],"collection":[{"href":"https:\/\/profitstore.pl\/index.php\/wp-json\/wp\/v2\/product"}],"about":[{"href":"https:\/\/profitstore.pl\/index.php\/wp-json\/wp\/v2\/types\/product"}],"wp:attachment":[{"href":"https:\/\/profitstore.pl\/index.php\/wp-json\/wp\/v2\/media?parent=94608"}],"curies":[{"name":"wp","href":"https:\/\/api.w.org\/{rel}","templated":true}]}}