{"id":94605,"date":"2023-08-21T17:03:14","date_gmt":"2023-08-21T17:03:14","guid":{"rendered":"https:\/\/profitstore.pl\/index.php\/produkt\/worki-do-miele-m-1-allergy-exquisit-xe-meteor-profi-senator-5szt-2\/"},"modified":"2023-08-21T17:03:14","modified_gmt":"2023-08-21T17:03:14","slug":"worki-do-miele-m-1-allergy-exquisit-xe-meteor-profi-senator-5szt-2","status":"publish","type":"product","link":"https:\/\/profitstore.pl\/index.php\/produkt\/worki-do-miele-m-1-allergy-exquisit-xe-meteor-profi-senator-5szt-2\/","title":{"rendered":"WORKI DO MIELE M-1 Allergy, Exquisit XE, Meteor, Profi Senator 5szt."},"content":{"rendered":"<p>Worek przeznaczony do odkurzaczy MIELE: Allergy Control S 400, \u00a0 Allergy Stop, \u00a0 Allervac, \u00a0 Black Jewel, \u00a0 Brilliant 4500, \u00a0 Electronic 4100, \u00a0 Elna Allergy Control, \u00a0 Excel Human S 400, \u00a0 Exquisit XE, \u00a0 Exqusit SE 400, \u00a0 Hepa Filter, \u00a0 Jubileum, Medicair, \u00a0 Medivac S 400, \u00a0 Meteor BL, \u00a0 Meteor BXL,\u00a0 \u00a0 Meteor SE, \u00a0 Meteor XL, \u00a0 Mondia 1500, \u00a0 Naturell, \u00a0 Parkett &#038; Co., \u00a0 Profi Revolution, \u00a0 S 400 &#8211; 499 i Saphire, \u00a0 Senator LX, \u00a0 Senator S, \u00a0 Senator SE, \u00a0 Silverstar S 400, \u00a0 Solution Plus, \u00a0 White Pearl, \u00a0 Wildrose Wymiary worka: d\u0142ugo\u015b\u0107 327 mm, szeroko\u015b\u0107 197 mm, wysoko\u015b\u0107 130mm Wymiary tekturki: 94 mm x 90 mm (z uchwytem 111mm), otw\u00f3r 43 mm<\/p>\n<p>Poni\u017cej przedstawiamy sprzedawany produkt:<\/p>\n<p><img src=\"https:\/\/pureventfilters.eu\/1370-large_default\/worki-do-miele-m-1-allergy-exquisit-xe-meteor-profi-senator-5szt.jpg\" alt=\"WORKI DO MIELE M-1 Allergy, Exquisit XE, Meteor, Profi Senator 5szt.\" \/><\/p>\n","protected":false},"excerpt":{"rendered":"<p>Worek przeznaczony do odkurzaczy MIELE: Allergy Control S 400, \u00a0 Allergy Stop, \u00a0 Allervac, \u00a0 Black Jewel, \u00a0 Brilliant 4500, \u00a0 Electronic 4100, \u00a0 Elna Allergy Control, \u00a0 Excel Human S 400, \u00a0 Exquisit XE, \u00a0 Exqusit SE 400, \u00a0 Hepa Filter, \u00a0 Jubileum, Medicair, \u00a0 Medivac S 400, \u00a0 Meteor BL, \u00a0 Meteor BXL,\u00a0 [&hellip;]<\/p>\n","protected":false},"featured_media":28409,"template":"","meta":[],"_links":{"self":[{"href":"https:\/\/profitstore.pl\/index.php\/wp-json\/wp\/v2\/product\/94605"}],"collection":[{"href":"https:\/\/profitstore.pl\/index.php\/wp-json\/wp\/v2\/product"}],"about":[{"href":"https:\/\/profitstore.pl\/index.php\/wp-json\/wp\/v2\/types\/product"}],"wp:featuredmedia":[{"embeddable":true,"href":"https:\/\/profitstore.pl\/index.php\/wp-json\/wp\/v2\/media\/28409"}],"wp:attachment":[{"href":"https:\/\/profitstore.pl\/index.php\/wp-json\/wp\/v2\/media?parent=94605"}],"curies":[{"name":"wp","href":"https:\/\/api.w.org\/{rel}","templated":true}]}}