{"id":94603,"date":"2026-04-22T17:03:45","date_gmt":"2026-04-22T17:03:45","guid":{"rendered":"https:\/\/profitstore.pl\/index.php\/produkt\/filtr-plaski-do-rekuperatora-zehnder-comfoair-350-450-500-550-aeris-3\/"},"modified":"2026-04-22T17:03:47","modified_gmt":"2026-04-22T17:03:47","slug":"filtr-plaski-do-rekuperatora-zehnder-comfoair-350-450-500-550-aeris-3","status":"publish","type":"product","link":"https:\/\/profitstore.pl\/index.php\/produkt\/filtr-plaski-do-rekuperatora-zehnder-comfoair-350-450-500-550-aeris-3\/","title":{"rendered":"Filtr p\u0142aski do rekuperatora ZEHNDER ComfoAir 350\/450\/500\/550 AERIS"},"content":{"rendered":"<p>Filtr p\u0142aski\u00a0 o wymiarach 500&#215;195 pasuj\u0105cy centrali\u00a0do AERIS 350 450 550 oraz Zehnder ComfoAir Prezentowane filtry pasuj\u0105 r\u00f3wnie\u017c do rekuperator\u00f3w: Aeris 350 Standard Aeris 350 Standard VV Aeris 350 Luxe Aeris 350 Luxe VV Aeris 350 Luxe ERV VV Aeris 450 Standard VV Aeris 450 Luxe Aeris 450 Luxe VV Aeris 450 Luxe ERV VV Aeris 550 Luxe Aeris 550 Luxe VV Aeris 550 Luxe ERV VV J.E. StorkAir ComfoAir 350 J.E. StorkAir ComfoAir 550 J.E. StorkAir WHR 930 J.E. StorkAir WHR 950 Zehnder ComfoAir CA350 Zehnder ComfoAir CA450 Zehnder ComfoAir CA550 Zehnder ComfoAir 350 Basic VV Zehnder ComfoAir 350 Luxe VV Zehnder ComfoAir 350 Luxe ERV VV Zehnder ComfoAir 450 Basic VV Zehnder ComfoAir 450 Luxe VV Zehnder ComfoAir 450 Luxe ERV VV Zehnder ComfoAir 550 Basic VV Zehnder ComfoAir 550 Luxe VV Zehnder ComfoAir 550 Luxe ERV VV<\/p>\n<p>Poni\u017cej przedstawiamy sprzedawany produkt:<\/p>\n<p><img src=\"https:\/\/pureventfilters.eu\/1266-large_default\/filtr-plaski-do-rekuperatora-zehnder-comfoair-350450500550-aeris-350450550.jpg\" alt=\"Filtr p\u0142aski do rekuperatora ZEHNDER ComfoAir 350\/450\/500\/550 AERIS\" \/><\/p>\n","protected":false},"excerpt":{"rendered":"<p>Filtr p\u0142aski\u00a0 o wymiarach 500&#215;195 pasuj\u0105cy centrali\u00a0do AERIS 350 450 550 oraz Zehnder ComfoAir Prezentowane filtry pasuj\u0105 r\u00f3wnie\u017c do rekuperator\u00f3w: Aeris 350 Standard Aeris 350 Standard VV Aeris 350 Luxe Aeris 350 Luxe VV Aeris 350 Luxe ERV VV Aeris 450 Standard VV Aeris 450 Luxe Aeris 450 Luxe VV Aeris 450 Luxe ERV VV [&hellip;]<\/p>\n","protected":false},"featured_media":63389,"template":"","meta":[],"_links":{"self":[{"href":"https:\/\/profitstore.pl\/index.php\/wp-json\/wp\/v2\/product\/94603"}],"collection":[{"href":"https:\/\/profitstore.pl\/index.php\/wp-json\/wp\/v2\/product"}],"about":[{"href":"https:\/\/profitstore.pl\/index.php\/wp-json\/wp\/v2\/types\/product"}],"wp:featuredmedia":[{"embeddable":true,"href":"https:\/\/profitstore.pl\/index.php\/wp-json\/wp\/v2\/media\/63389"}],"wp:attachment":[{"href":"https:\/\/profitstore.pl\/index.php\/wp-json\/wp\/v2\/media?parent=94603"}],"curies":[{"name":"wp","href":"https:\/\/api.w.org\/{rel}","templated":true}]}}