{"id":94565,"date":"2026-04-19T17:02:15","date_gmt":"2026-04-19T17:02:15","guid":{"rendered":"https:\/\/profitstore.pl\/index.php\/produkt\/filtr-do-salda-rirs-700v-oraz-700h-eko-3-0-545x260x46-4\/"},"modified":"2026-04-19T17:02:15","modified_gmt":"2026-04-19T17:02:15","slug":"filtr-do-salda-rirs-700v-oraz-700h-eko-3-0-545x260x46-4","status":"publish","type":"product","link":"https:\/\/profitstore.pl\/index.php\/produkt\/filtr-do-salda-rirs-700v-oraz-700h-eko-3-0-545x260x46-4\/","title":{"rendered":"Filtr do SALDA RIRS 700V oraz 700H EKO 3.0 (545x260x46)"},"content":{"rendered":"<p>Specyfikacja: Cena wy\u015bwietlana dotyczy 1 szt. filtra\u00a0w wybranej klasie filtracji i ramce Wymiar filtra:\u00a0 545x260x46\u00a0mm Klasa filtracji: do wyboru\u00a0 EU5\/M5 oraz EU7 \/ F7 Wk\u0142ad filtra:\u00a0 mata plisowana MiniPleat Ramka: do wyboru\u00a0 kartonowa lub metalowa Filtr kasetowy pasuj\u0105cy do central SALDA: RIRS 700 HE EKO 3.0 RIRS 700 HW EKO 3.0 RIRS 700 HE EKO 3.0 RIRS 700 HW EKO 3.0 Standardowo filtry montowane w centralach przez producenta wykonane s\u0105 w ramce kartonowej.\u00a0 W naszej ofercie znajd\u0105 Pa\u0144stwo dodatkowo filtry w ramie metalowej &#8211;\u00a0gdzie zalet\u0105 takiego rozwi\u0105zania jest mo\u017cliwo\u015b\u0107 samodzielnej wymiany wk\u0142adu filtracyjnego, oraz obni\u017cenie koszt\u00f3w eksploatacji. Wk\u0142ady dost\u0119pne w atrakcyjnych cenach.\u00a0 Filtr\u00a0jest zamiennikiem. Nazwy urz\u0105dze\u0144, cz\u0119\u015bci i marek zosta\u0142y u\u017cyte w celu identyfikacji produktu.<\/p>\n<p>Poni\u017cej przedstawiamy sprzedawany produkt:<\/p>\n<p><img src=\"https:\/\/pureventfilters.eu\/893-large_default\/filtr-do-salda-rirs-700v-oraz-700h-eko-30-545x260x46.jpg\" alt=\"Filtr do SALDA RIRS 700V oraz 700H EKO 3.0 (545x260x46)\" \/><\/p>\n","protected":false},"excerpt":{"rendered":"<p>Specyfikacja: Cena wy\u015bwietlana dotyczy 1 szt. filtra\u00a0w wybranej klasie filtracji i ramce Wymiar filtra:\u00a0 545x260x46\u00a0mm Klasa filtracji: do wyboru\u00a0 EU5\/M5 oraz EU7 \/ F7 Wk\u0142ad filtra:\u00a0 mata plisowana MiniPleat Ramka: do wyboru\u00a0 kartonowa lub metalowa Filtr kasetowy pasuj\u0105cy do central SALDA: RIRS 700 HE EKO 3.0 RIRS 700 HW EKO 3.0 RIRS 700 HE EKO [&hellip;]<\/p>\n","protected":false},"featured_media":28255,"template":"","meta":[],"_links":{"self":[{"href":"https:\/\/profitstore.pl\/index.php\/wp-json\/wp\/v2\/product\/94565"}],"collection":[{"href":"https:\/\/profitstore.pl\/index.php\/wp-json\/wp\/v2\/product"}],"about":[{"href":"https:\/\/profitstore.pl\/index.php\/wp-json\/wp\/v2\/types\/product"}],"wp:featuredmedia":[{"embeddable":true,"href":"https:\/\/profitstore.pl\/index.php\/wp-json\/wp\/v2\/media\/28255"}],"wp:attachment":[{"href":"https:\/\/profitstore.pl\/index.php\/wp-json\/wp\/v2\/media?parent=94565"}],"curies":[{"name":"wp","href":"https:\/\/api.w.org\/{rel}","templated":true}]}}