{"id":94501,"date":"2026-04-23T07:01:12","date_gmt":"2026-04-23T07:01:12","guid":{"rendered":"https:\/\/profitstore.pl\/index.php\/produkt\/filtr-eu7-do-komfovent-domekt-cf-250v-350x145x46-2\/"},"modified":"2026-04-23T07:01:15","modified_gmt":"2026-04-23T07:01:15","slug":"filtr-eu7-do-komfovent-domekt-cf-250v-350x145x46-2","status":"publish","type":"product","link":"https:\/\/profitstore.pl\/index.php\/produkt\/filtr-eu7-do-komfovent-domekt-cf-250v-350x145x46-2\/","title":{"rendered":"Filtr EU7 do KOMFOVENT DOMEKT CF 250V (350x145x46)"},"content":{"rendered":"<p>Filtr kasetowy \u00a0klasy F7 \/EU7 \u00a0pasuj\u0105cy do centrali wentylacyjnej\u00a0 KOMFOVENT DOMEKT CF 250 V (wg danych z katalogu z roku 2018) Filtr\u00a0jest zamiennikiem. Nazwy urz\u0105dze\u0144, cz\u0119\u015bci i marek zosta\u0142y u\u017cyte w celu identyfikacji produktu. Prowadzimy sprzeda\u017c filtr\u00f3w w kasecie metalowej gdzie zalet\u0105 takiego rozwi\u0105zania jest mo\u017cliwo\u015b\u0107 samodzielnej wymiany wk\u0142adu filtracyjnego, oraz obni\u017cenie koszt\u00f3w eksploatacji. Wk\u0142ady dost\u0119pne w atrakcyjnych cenach.<\/p>\n<p>Poni\u017cej przedstawiamy sprzedawany produkt:<\/p>\n<p><img src=\"https:\/\/pureventfilters.eu\/4303-large_default\/filtr-eu7-do-komfovent-domekt-cf-250v-350x145x46.jpg\" alt=\"Filtr EU7 do KOMFOVENT DOMEKT CF 250V (350x145x46)\" \/><\/p>\n","protected":false},"excerpt":{"rendered":"<p>Filtr kasetowy \u00a0klasy F7 \/EU7 \u00a0pasuj\u0105cy do centrali wentylacyjnej\u00a0 KOMFOVENT DOMEKT CF 250 V (wg danych z katalogu z roku 2018) Filtr\u00a0jest zamiennikiem. Nazwy urz\u0105dze\u0144, cz\u0119\u015bci i marek zosta\u0142y u\u017cyte w celu identyfikacji produktu. Prowadzimy sprzeda\u017c filtr\u00f3w w kasecie metalowej gdzie zalet\u0105 takiego rozwi\u0105zania jest mo\u017cliwo\u015b\u0107 samodzielnej wymiany wk\u0142adu filtracyjnego, oraz obni\u017cenie koszt\u00f3w eksploatacji. Wk\u0142ady [&hellip;]<\/p>\n","protected":false},"featured_media":62989,"template":"","meta":[],"_links":{"self":[{"href":"https:\/\/profitstore.pl\/index.php\/wp-json\/wp\/v2\/product\/94501"}],"collection":[{"href":"https:\/\/profitstore.pl\/index.php\/wp-json\/wp\/v2\/product"}],"about":[{"href":"https:\/\/profitstore.pl\/index.php\/wp-json\/wp\/v2\/types\/product"}],"wp:featuredmedia":[{"embeddable":true,"href":"https:\/\/profitstore.pl\/index.php\/wp-json\/wp\/v2\/media\/62989"}],"wp:attachment":[{"href":"https:\/\/profitstore.pl\/index.php\/wp-json\/wp\/v2\/media?parent=94501"}],"curies":[{"name":"wp","href":"https:\/\/api.w.org\/{rel}","templated":true}]}}