{"id":94495,"date":"2026-04-18T17:00:37","date_gmt":"2026-04-18T17:00:37","guid":{"rendered":"https:\/\/profitstore.pl\/index.php\/produkt\/filtr-eu7-komfovent-domekt-recu-300-v-oraz-domekt-recu-450-v-2\/"},"modified":"2026-04-18T17:00:38","modified_gmt":"2026-04-18T17:00:38","slug":"filtr-eu7-komfovent-domekt-recu-300-v-oraz-domekt-recu-450-v-2","status":"publish","type":"product","link":"https:\/\/profitstore.pl\/index.php\/produkt\/filtr-eu7-komfovent-domekt-recu-300-v-oraz-domekt-recu-450-v-2\/","title":{"rendered":"Filtr EU7 KOMFOVENT DOMEKT RECU 300 V oraz DOMEKT RECU 450 V"},"content":{"rendered":"<p>Filtr kasetowy klasy F7\/EU7 pasuj\u0105cy do centrali wentylacyjnej KOMFOVENT DOMEKT RECU 300 V oraz DOMEKT RECU 450 V, Domekt-PP-300-V, Domekt-PP-450-V\u00a0 Filtr kasetowy Wymiary: 300x200x46 Klasa filtracji wg EN 779:2012 : filtracja dok\u0142adna F7 Wk\u0142ad filtra: mata plisowana MiniPleat Filtr dopasowany do central: DOMEKT RECU 300VE DOMEKT RECU 300VW DOMEKT RECU 450VE DOMEKT RECU 450VW Domekt-PP-450-V\u00a0 Domekt-PP-300-V Prowadzimy sprzeda\u017c filtr\u00f3w w kasecie metalowej gdzie zalet\u0105 takiego rozwi\u0105zania jest mo\u017cliwo\u015b\u0107 samodzielnej wymiany wk\u0142adu filtracyjnego, oraz obni\u017cenie koszt\u00f3w eksploatacji. Wk\u0142ady dost\u0119pne w atrakcyjnych cenach. Filtr\u00a0jest zamiennikiem. Nazwy urz\u0105dze\u0144, cz\u0119\u015bci i marek zosta\u0142y u\u017cyte w celu identyfikacji produktu.<\/p>\n<p>Poni\u017cej przedstawiamy sprzedawany produkt:<\/p>\n<p><img src=\"https:\/\/pureventfilters.eu\/4311-large_default\/filtr-eu7-komfovent-domekt-recu-300-v-oraz-domekt-recu-450-v-300x200x46.jpg\" alt=\"Filtr EU7 KOMFOVENT DOMEKT RECU 300 V oraz DOMEKT RECU 450 V\" \/><\/p>\n","protected":false},"excerpt":{"rendered":"<p>Filtr kasetowy klasy F7\/EU7 pasuj\u0105cy do centrali wentylacyjnej KOMFOVENT DOMEKT RECU 300 V oraz DOMEKT RECU 450 V, Domekt-PP-300-V, Domekt-PP-450-V\u00a0 Filtr kasetowy Wymiary: 300x200x46 Klasa filtracji wg EN 779:2012 : filtracja dok\u0142adna F7 Wk\u0142ad filtra: mata plisowana MiniPleat Filtr dopasowany do central: DOMEKT RECU 300VE DOMEKT RECU 300VW DOMEKT RECU 450VE DOMEKT RECU 450VW Domekt-PP-450-V\u00a0 [&hellip;]<\/p>\n","protected":false},"featured_media":62943,"template":"","meta":[],"_links":{"self":[{"href":"https:\/\/profitstore.pl\/index.php\/wp-json\/wp\/v2\/product\/94495"}],"collection":[{"href":"https:\/\/profitstore.pl\/index.php\/wp-json\/wp\/v2\/product"}],"about":[{"href":"https:\/\/profitstore.pl\/index.php\/wp-json\/wp\/v2\/types\/product"}],"wp:featuredmedia":[{"embeddable":true,"href":"https:\/\/profitstore.pl\/index.php\/wp-json\/wp\/v2\/media\/62943"}],"wp:attachment":[{"href":"https:\/\/profitstore.pl\/index.php\/wp-json\/wp\/v2\/media?parent=94495"}],"curies":[{"name":"wp","href":"https:\/\/api.w.org\/{rel}","templated":true}]}}