{"id":94489,"date":"2026-04-18T17:00:32","date_gmt":"2026-04-18T17:00:32","guid":{"rendered":"https:\/\/profitstore.pl\/index.php\/produkt\/filtr-eu5-komfovent-kompakt-recu-700h-recu-700v-oraz-recu-900-2\/"},"modified":"2026-04-18T17:00:33","modified_gmt":"2026-04-18T17:00:33","slug":"filtr-eu5-komfovent-kompakt-recu-700h-recu-700v-oraz-recu-900-2","status":"publish","type":"product","link":"https:\/\/profitstore.pl\/index.php\/produkt\/filtr-eu5-komfovent-kompakt-recu-700h-recu-700v-oraz-recu-900-2\/","title":{"rendered":"Filtr EU5 KOMFOVENT KOMPAKT RECU 700H , RECU 700V oraz RECU 900"},"content":{"rendered":"<p>Filtr kasetowy klasy M5\/EU5 pasuj\u0105cy do centrali wentylacyjnej KOMFOVENT KOMPAKT RECU 700H , RECU 700V oraz RECU 900 H\/V . Nowe modele centrali : Domekt-P-700 H\/V oraz Domekt-P-900 H\/V Filtr kasetowy 1szt. Wymiary: 400x235x46 Klasa filtracji wg EN 779:2012 : M5 Wk\u0142ad filtra: mata plisowana MiniPleat Prowadzimy sprzeda\u017c filtr\u00f3w w kasecie metalowej gdzie zalet\u0105 takiego rozwi\u0105zania jest mo\u017cliwo\u015b\u0107 samodzielnej wymiany wk\u0142adu filtracyjnego, oraz obni\u017cenie koszt\u00f3w eksploatacji. Wk\u0142ady dost\u0119pne w atrakcyjnych cenach. Filtr\u00a0jest zamiennikiem. Nazwy urz\u0105dze\u0144, cz\u0119\u015bci i marek zosta\u0142y u\u017cyte w celu identyfikacji produktu<\/p>\n<p>Poni\u017cej przedstawiamy sprzedawany produkt:<\/p>\n<p><img src=\"https:\/\/pureventfilters.eu\/4302-large_default\/filtr-eu5-komfovent-kompakt-recu-700h-recu-700v-oraz-recu-900-400x235x46.jpg\" alt=\"Filtr EU5 KOMFOVENT KOMPAKT RECU 700H , RECU 700V oraz RECU 900\" \/><\/p>\n","protected":false},"excerpt":{"rendered":"<p>Filtr kasetowy klasy M5\/EU5 pasuj\u0105cy do centrali wentylacyjnej KOMFOVENT KOMPAKT RECU 700H , RECU 700V oraz RECU 900 H\/V . Nowe modele centrali : Domekt-P-700 H\/V oraz Domekt-P-900 H\/V Filtr kasetowy 1szt. Wymiary: 400x235x46 Klasa filtracji wg EN 779:2012 : M5 Wk\u0142ad filtra: mata plisowana MiniPleat Prowadzimy sprzeda\u017c filtr\u00f3w w kasecie metalowej gdzie zalet\u0105 takiego [&hellip;]<\/p>\n","protected":false},"featured_media":62925,"template":"","meta":[],"_links":{"self":[{"href":"https:\/\/profitstore.pl\/index.php\/wp-json\/wp\/v2\/product\/94489"}],"collection":[{"href":"https:\/\/profitstore.pl\/index.php\/wp-json\/wp\/v2\/product"}],"about":[{"href":"https:\/\/profitstore.pl\/index.php\/wp-json\/wp\/v2\/types\/product"}],"wp:featuredmedia":[{"embeddable":true,"href":"https:\/\/profitstore.pl\/index.php\/wp-json\/wp\/v2\/media\/62925"}],"wp:attachment":[{"href":"https:\/\/profitstore.pl\/index.php\/wp-json\/wp\/v2\/media?parent=94489"}],"curies":[{"name":"wp","href":"https:\/\/api.w.org\/{rel}","templated":true}]}}