{"id":94488,"date":"2026-04-18T17:00:32","date_gmt":"2026-04-18T17:00:32","guid":{"rendered":"https:\/\/profitstore.pl\/index.php\/produkt\/filtr-eu5-komfovent-kompakt-recu-400-h-v-oraz-domekt-p-400-h-v-2\/"},"modified":"2026-04-18T17:00:32","modified_gmt":"2026-04-18T17:00:32","slug":"filtr-eu5-komfovent-kompakt-recu-400-h-v-oraz-domekt-p-400-h-v-2","status":"publish","type":"product","link":"https:\/\/profitstore.pl\/index.php\/produkt\/filtr-eu5-komfovent-kompakt-recu-400-h-v-oraz-domekt-p-400-h-v-2\/","title":{"rendered":"Filtr EU5 KOMFOVENT KOMPAKT RECU 400 H\/V. oraz Domekt-P-400 H\/V"},"content":{"rendered":"<p>Filtr kasetowy klasy M5\/EU5 pasuj\u0105cy do centrali wentylacyjnej KOMFOVENT KOMPAKT RECU 400 H\/V. Domekt-P-400 H\/V Filtr kasetowy Wymiary: 300x195x46 Klasa filtracji wg EN 779:2012 : M5 Wk\u0142ad filtra: mata plisowana MiniPleat Filtr\u00a0jest zamiennikiem. Nazwy urz\u0105dze\u0144, cz\u0119\u015bci i marek zosta\u0142y u\u017cyte w celu identyfikacji produktu.<\/p>\n<p>Poni\u017cej przedstawiamy sprzedawany produkt:<\/p>\n<p><img src=\"https:\/\/pureventfilters.eu\/4322-large_default\/filtr-eu5-komfovent-kompakt-recu-400-hv-oraz-domekt-p-400-hv-300x195x46.jpg\" alt=\"Filtr EU5 KOMFOVENT KOMPAKT RECU 400 H\/V. oraz Domekt-P-400 H\/V\" \/><\/p>\n","protected":false},"excerpt":{"rendered":"<p>Filtr kasetowy klasy M5\/EU5 pasuj\u0105cy do centrali wentylacyjnej KOMFOVENT KOMPAKT RECU 400 H\/V. Domekt-P-400 H\/V Filtr kasetowy Wymiary: 300x195x46 Klasa filtracji wg EN 779:2012 : M5 Wk\u0142ad filtra: mata plisowana MiniPleat Filtr\u00a0jest zamiennikiem. Nazwy urz\u0105dze\u0144, cz\u0119\u015bci i marek zosta\u0142y u\u017cyte w celu identyfikacji produktu. Poni\u017cej przedstawiamy sprzedawany produkt:<\/p>\n","protected":false},"featured_media":62922,"template":"","meta":[],"_links":{"self":[{"href":"https:\/\/profitstore.pl\/index.php\/wp-json\/wp\/v2\/product\/94488"}],"collection":[{"href":"https:\/\/profitstore.pl\/index.php\/wp-json\/wp\/v2\/product"}],"about":[{"href":"https:\/\/profitstore.pl\/index.php\/wp-json\/wp\/v2\/types\/product"}],"wp:featuredmedia":[{"embeddable":true,"href":"https:\/\/profitstore.pl\/index.php\/wp-json\/wp\/v2\/media\/62922"}],"wp:attachment":[{"href":"https:\/\/profitstore.pl\/index.php\/wp-json\/wp\/v2\/media?parent=94488"}],"curies":[{"name":"wp","href":"https:\/\/api.w.org\/{rel}","templated":true}]}}