{"id":94477,"date":"2023-11-03T08:27:43","date_gmt":"2023-11-03T08:27:43","guid":{"rendered":"https:\/\/profitstore.pl\/index.php\/produkt\/wloknina-filtracyjna-ochronna-eu7-f7\/"},"modified":"2023-11-03T08:27:45","modified_gmt":"2023-11-03T08:27:45","slug":"wloknina-filtracyjna-ochronna-eu7-f7","status":"publish","type":"product","link":"https:\/\/profitstore.pl\/index.php\/produkt\/wloknina-filtracyjna-ochronna-eu7-f7\/","title":{"rendered":"W\u0142\u00f3knina filtracyjna ochronna EU7 F7"},"content":{"rendered":"<p>Maty filtracyjne s\u0105 produkowane \u00a0z wysokiej jako\u015bci w\u0142\u00f3kien syntetycznych. Wielowarstwowa budowa poszczeg\u00f3lnych nietkanych w\u0142\u00f3knin gwarantuje wysok\u0105 ch\u0142onno\u015b\u0107 py\u0142ow\u0105 oraz wydajno\u015b\u0107 filtrowania. Przedmiotem sprzeda\u017cy \u00a0jest w\u0142\u00f3knina filtracyjna klasy EU7 W\u0142\u00f3knina przeznaczona jest do filtr\u00f3w: rekuperator\u00f3w, kabin lakierniczych, wyci\u0105g\u00f3w wentylacyjnych, wyci\u0105g\u00f3w klimatyzacyjnych, urz\u0105dze\u0144 odpylaj\u0105cych, a tak\u017ce do innych filtr\u00f3w kieszeniowych, kasetowych, p\u0142askich lub panelowych. Oferowana w\u0142\u00f3knina filtracyjna nale\u017cny do grupy filtracji dok\u0142adnej czyli klasy: F7 &#8211; wg normy Polskiej-Europejskiej PN-EN 779 \u00a0 DANE TECHNICZNE: Surowiec:\u00a0 Polipropylen Kolor: jasno r\u00f3\u017cowy\u00a0 Klasa filtracji:\u00a0 F7 \/ EU7 Szeroko\u015b\u0107 rolki: \u00a01 m Max d\u0142ugo\u015b\u0107 rolki: 400 mb Przep\u0142yw powietrza: 460 l \/ m2\/ s Masa powierzchniowa: 120 g\/m2 Grubo\u015b\u0107 w\u0142\u00f3kniny: ok 2 &#8211; 3 mm Skuteczno\u015b\u0107 filtracji: 70% , ISO 16890 Odporno\u015b\u0107 na temperatur\u0119: 90\u00b0C (praca ci\u0105g\u0142a) Odporno\u015b\u0107 na zapalenie materia\u0142u: F1 &#8211; DIN 53438 Odporno\u015b\u0107 na wilgo\u0107: odporna Przy zam\u00f3wieniu wi\u0119kszej ilo\u015bci sztuk prosimy o kontakt w celu ustalenia korzystnej ceny wysy\u0142ki.<\/p>\n<p>Poni\u017cej przedstawiamy sprzedawany produkt:<\/p>\n<p><img src=\"https:\/\/pureventfilters.eu\/3792-large_default\/wloknina-filtracyjna-ochronna-eu7-f7.jpg\" alt=\"W\u0142\u00f3knina filtracyjna ochronna EU7 F7\" \/><\/p>\n","protected":false},"excerpt":{"rendered":"<p>Maty filtracyjne s\u0105 produkowane \u00a0z wysokiej jako\u015bci w\u0142\u00f3kien syntetycznych. Wielowarstwowa budowa poszczeg\u00f3lnych nietkanych w\u0142\u00f3knin gwarantuje wysok\u0105 ch\u0142onno\u015b\u0107 py\u0142ow\u0105 oraz wydajno\u015b\u0107 filtrowania. Przedmiotem sprzeda\u017cy \u00a0jest w\u0142\u00f3knina filtracyjna klasy EU7 W\u0142\u00f3knina przeznaczona jest do filtr\u00f3w: rekuperator\u00f3w, kabin lakierniczych, wyci\u0105g\u00f3w wentylacyjnych, wyci\u0105g\u00f3w klimatyzacyjnych, urz\u0105dze\u0144 odpylaj\u0105cych, a tak\u017ce do innych filtr\u00f3w kieszeniowych, kasetowych, p\u0142askich lub panelowych. Oferowana w\u0142\u00f3knina filtracyjna [&hellip;]<\/p>\n","protected":false},"featured_media":94478,"template":"","meta":[],"_links":{"self":[{"href":"https:\/\/profitstore.pl\/index.php\/wp-json\/wp\/v2\/product\/94477"}],"collection":[{"href":"https:\/\/profitstore.pl\/index.php\/wp-json\/wp\/v2\/product"}],"about":[{"href":"https:\/\/profitstore.pl\/index.php\/wp-json\/wp\/v2\/types\/product"}],"wp:featuredmedia":[{"embeddable":true,"href":"https:\/\/profitstore.pl\/index.php\/wp-json\/wp\/v2\/media\/94478"}],"wp:attachment":[{"href":"https:\/\/profitstore.pl\/index.php\/wp-json\/wp\/v2\/media?parent=94477"}],"curies":[{"name":"wp","href":"https:\/\/api.w.org\/{rel}","templated":true}]}}