{"id":94453,"date":"2026-04-25T17:10:16","date_gmt":"2026-04-25T17:10:16","guid":{"rendered":"https:\/\/profitstore.pl\/index.php\/produkt\/mata-gabka-filtracyjna-pianka-filtracyjna-ppi20-grubosc-15mm\/"},"modified":"2026-04-25T17:10:19","modified_gmt":"2026-04-25T17:10:19","slug":"mata-gabka-filtracyjna-pianka-filtracyjna-ppi20-grubosc-15mm","status":"publish","type":"product","link":"https:\/\/profitstore.pl\/index.php\/produkt\/mata-gabka-filtracyjna-pianka-filtracyjna-ppi20-grubosc-15mm\/","title":{"rendered":"Mata g\u0105bka filtracyjna pianka filtracyjna PPI20 grubo\u015b\u0107 15mm"},"content":{"rendered":"<p>Materia\u0142 :\u00a0pianka filtracyjna 100%, ilo\u015b\u0107 por\u00f3w 10-45 PPI, 97% por\u00f3w otwartych. Zalet\u0105 jest wysoka odporno\u015b\u0107 na wilgo\u0107 oraz bardzo du\u017ca zdolno\u015b\u0107 zbierania py\u0142u. Mo\u017cliwa jest regeneracja poprzez pranie.\u00a0 Zastosowanie : baseny, akwarystyka, filtracja powietrza Charakterystyka materia\u0142u: Materia\u0142: poliuretan 100% Grubo\u015b\u0107: 15mm G\u0119sto\u015b\u0107: 25kg\/m3 Wytrzyma\u0142o\u015b\u0107 na rozci\u0105ganie: min. 100kPA Wyd\u0142u\u017canie przy zerwaniu: 80% Odporno\u015b\u0107 termiczna: -40\/+140 C Kolor: czarny Wymiary arkusza: 2000x1250mm (mo\u017cliwe doci\u0119cie na wymiar) D\u0142uga \u017cywotno\u015b\u0107 pianki Wysoka odporno\u015b\u0107 termiczna Niskie koszy eksploatacji \u00a0Przy zam\u00f3wieniu wi\u0119kszej ilo\u015bci sztuk prosimy o kontakt w celu ustalenia korzystnej ceny wysy\u0142ki.<\/p>\n<p>Poni\u017cej przedstawiamy sprzedawany produkt:<\/p>\n<p><img src=\"https:\/\/pureventfilters.eu\/4158-large_default\/mata-gabka-filtracyjna-pianka-filtracyjna-ppi20-grubosc-15mm.jpg\" alt=\"Mata g\u0105bka filtracyjna pianka filtracyjna PPI20 grubo\u015b\u0107 15mm\" \/><\/p>\n","protected":false},"excerpt":{"rendered":"<p>Materia\u0142 :\u00a0pianka filtracyjna 100%, ilo\u015b\u0107 por\u00f3w 10-45 PPI, 97% por\u00f3w otwartych. Zalet\u0105 jest wysoka odporno\u015b\u0107 na wilgo\u0107 oraz bardzo du\u017ca zdolno\u015b\u0107 zbierania py\u0142u. Mo\u017cliwa jest regeneracja poprzez pranie.\u00a0 Zastosowanie : baseny, akwarystyka, filtracja powietrza Charakterystyka materia\u0142u: Materia\u0142: poliuretan 100% Grubo\u015b\u0107: 15mm G\u0119sto\u015b\u0107: 25kg\/m3 Wytrzyma\u0142o\u015b\u0107 na rozci\u0105ganie: min. 100kPA Wyd\u0142u\u017canie przy zerwaniu: 80% Odporno\u015b\u0107 termiczna: -40\/+140 [&hellip;]<\/p>\n","protected":false},"featured_media":64792,"template":"","meta":[],"_links":{"self":[{"href":"https:\/\/profitstore.pl\/index.php\/wp-json\/wp\/v2\/product\/94453"}],"collection":[{"href":"https:\/\/profitstore.pl\/index.php\/wp-json\/wp\/v2\/product"}],"about":[{"href":"https:\/\/profitstore.pl\/index.php\/wp-json\/wp\/v2\/types\/product"}],"wp:featuredmedia":[{"embeddable":true,"href":"https:\/\/profitstore.pl\/index.php\/wp-json\/wp\/v2\/media\/64792"}],"wp:attachment":[{"href":"https:\/\/profitstore.pl\/index.php\/wp-json\/wp\/v2\/media?parent=94453"}],"curies":[{"name":"wp","href":"https:\/\/api.w.org\/{rel}","templated":true}]}}