{"id":94421,"date":"2026-04-28T07:15:47","date_gmt":"2026-04-28T07:15:47","guid":{"rendered":"https:\/\/profitstore.pl\/index.php\/produkt\/filtr-eu5-do-klimor-mcks-01-620x390x50\/"},"modified":"2026-04-28T07:15:51","modified_gmt":"2026-04-28T07:15:51","slug":"filtr-eu5-do-klimor-mcks-01-620x390x50","status":"publish","type":"product","link":"https:\/\/profitstore.pl\/index.php\/produkt\/filtr-eu5-do-klimor-mcks-01-620x390x50\/","title":{"rendered":"Filtr EU5 do KLIMOR MCKS 01 (620x390x50)"},"content":{"rendered":"<p>Filtry s\u0105 zamiennikami, nazwa producenta zosta\u0142a u\u017cyta jedynie w celu identyfikacji produktu.<\/p>\n<p>Poni\u017cej przedstawiamy sprzedawany produkt:<\/p>\n<p><img src=\"https:\/\/pureventfilters.eu\/4866-large_default\/filtr-eu5-do-klimor-mcks-01-620x390x50.jpg\" alt=\"Filtr EU5 do KLIMOR MCKS 01 (620x390x50)\" \/><\/p>\n","protected":false},"excerpt":{"rendered":"<p>Filtry s\u0105 zamiennikami, nazwa producenta zosta\u0142a u\u017cyta jedynie w celu identyfikacji produktu. Poni\u017cej przedstawiamy sprzedawany produkt:<\/p>\n","protected":false},"featured_media":94422,"template":"","meta":[],"_links":{"self":[{"href":"https:\/\/profitstore.pl\/index.php\/wp-json\/wp\/v2\/product\/94421"}],"collection":[{"href":"https:\/\/profitstore.pl\/index.php\/wp-json\/wp\/v2\/product"}],"about":[{"href":"https:\/\/profitstore.pl\/index.php\/wp-json\/wp\/v2\/types\/product"}],"wp:featuredmedia":[{"embeddable":true,"href":"https:\/\/profitstore.pl\/index.php\/wp-json\/wp\/v2\/media\/94422"}],"wp:attachment":[{"href":"https:\/\/profitstore.pl\/index.php\/wp-json\/wp\/v2\/media?parent=94421"}],"curies":[{"name":"wp","href":"https:\/\/api.w.org\/{rel}","templated":true}]}}