{"id":94416,"date":"2026-04-21T07:06:31","date_gmt":"2026-04-21T07:06:31","guid":{"rendered":"https:\/\/profitstore.pl\/index.php\/produkt\/filtr-eu5-do-vbw-bd-mini-50-535x385x500\/"},"modified":"2026-04-21T07:06:33","modified_gmt":"2026-04-21T07:06:33","slug":"filtr-eu5-do-vbw-bd-mini-50-535x385x500","status":"publish","type":"product","link":"https:\/\/profitstore.pl\/index.php\/produkt\/filtr-eu5-do-vbw-bd-mini-50-535x385x500\/","title":{"rendered":"Filtr EU5 do VBW BD-MINI (50) (535x385x500)"},"content":{"rendered":"<p>Filtr\u00a0 kieszeniowy \u00a0klasy\u00a0 M5 \u00a0\/ EU5 \u00a0o wymiarach\u00a0 535x385x500 \u00a0mm\u00a0w\u00a0ramce metalowej pasuj\u0105cy do central\u00a0 VBW BD-MINI (50). Filtry s\u0105 zamiennikami, nazwy producent\u00f3w i marek zosta\u0142y u\u017cyte w celu identyfikacji produktu.<\/p>\n<p>Poni\u017cej przedstawiamy sprzedawany produkt:<\/p>\n<p><img src=\"https:\/\/pureventfilters.eu\/4863-large_default\/filtr-eu5-do-vbw-bd-mini-50-535x385x500.jpg\" alt=\"Filtr EU5 do VBW BD-MINI (50) (535x385x500)\" \/><\/p>\n","protected":false},"excerpt":{"rendered":"<p>Filtr\u00a0 kieszeniowy \u00a0klasy\u00a0 M5 \u00a0\/ EU5 \u00a0o wymiarach\u00a0 535x385x500 \u00a0mm\u00a0w\u00a0ramce metalowej pasuj\u0105cy do central\u00a0 VBW BD-MINI (50). Filtry s\u0105 zamiennikami, nazwy producent\u00f3w i marek zosta\u0142y u\u017cyte w celu identyfikacji produktu. Poni\u017cej przedstawiamy sprzedawany produkt:<\/p>\n","protected":false},"featured_media":94417,"template":"","meta":[],"_links":{"self":[{"href":"https:\/\/profitstore.pl\/index.php\/wp-json\/wp\/v2\/product\/94416"}],"collection":[{"href":"https:\/\/profitstore.pl\/index.php\/wp-json\/wp\/v2\/product"}],"about":[{"href":"https:\/\/profitstore.pl\/index.php\/wp-json\/wp\/v2\/types\/product"}],"wp:featuredmedia":[{"embeddable":true,"href":"https:\/\/profitstore.pl\/index.php\/wp-json\/wp\/v2\/media\/94417"}],"wp:attachment":[{"href":"https:\/\/profitstore.pl\/index.php\/wp-json\/wp\/v2\/media?parent=94416"}],"curies":[{"name":"wp","href":"https:\/\/api.w.org\/{rel}","templated":true}]}}