{"id":94391,"date":"2026-04-30T17:13:08","date_gmt":"2026-04-30T17:13:08","guid":{"rendered":"https:\/\/profitstore.pl\/index.php\/produkt\/filtr-kasetowy-do-vents-vut-1000pe-ec-900-pb-ec-647x274x20-uf031\/"},"modified":"2026-04-30T17:13:08","modified_gmt":"2026-04-30T17:13:08","slug":"filtr-kasetowy-do-vents-vut-1000pe-ec-900-pb-ec-647x274x20-uf031","status":"publish","type":"product","link":"https:\/\/profitstore.pl\/index.php\/produkt\/filtr-kasetowy-do-vents-vut-1000pe-ec-900-pb-ec-647x274x20-uf031\/","title":{"rendered":"Filtr kasetowy do VENTS VUT 1000PE EC 900 PB EC (647x274x20) UF031"},"content":{"rendered":"<p>Standardowo w centrali wed\u0142ug katalogu montowane s\u0105 02szt. filtr\u00f3w: filtr kieszeniowy G4 647x274x140mm i filtr kasetowy z piank\u0105 filtracyjn\u0105 PPI20 647x274x2mm.\u00a0 Piank\u0119 stosujemy jako filtr wst\u0119pny. Mo\u017cliwa jest regeneracja poprzez mycie pianki.\u00a0 Produkt jest zamiennikiem. Nazwy urz\u0105dze\u0144, cz\u0119\u015bci i marek zosta\u0142y u\u017cyte w celu identyfikacji produktu.<\/p>\n<p>Poni\u017cej przedstawiamy sprzedawany produkt:<\/p>\n<p><img src=\"https:\/\/pureventfilters.eu\/4764-large_default\/filtr-kasetowy-do-vents-vut-1000pe-ec-900-pb-ec-647x274x20-uf031.jpg\" alt=\"Filtr kasetowy do VENTS VUT 1000PE EC 900 PB EC (647x274x20) UF031\" \/><\/p>\n","protected":false},"excerpt":{"rendered":"<p>Standardowo w centrali wed\u0142ug katalogu montowane s\u0105 02szt. filtr\u00f3w: filtr kieszeniowy G4 647x274x140mm i filtr kasetowy z piank\u0105 filtracyjn\u0105 PPI20 647x274x2mm.\u00a0 Piank\u0119 stosujemy jako filtr wst\u0119pny. Mo\u017cliwa jest regeneracja poprzez mycie pianki.\u00a0 Produkt jest zamiennikiem. Nazwy urz\u0105dze\u0144, cz\u0119\u015bci i marek zosta\u0142y u\u017cyte w celu identyfikacji produktu. Poni\u017cej przedstawiamy sprzedawany produkt:<\/p>\n","protected":false},"featured_media":94392,"template":"","meta":[],"_links":{"self":[{"href":"https:\/\/profitstore.pl\/index.php\/wp-json\/wp\/v2\/product\/94391"}],"collection":[{"href":"https:\/\/profitstore.pl\/index.php\/wp-json\/wp\/v2\/product"}],"about":[{"href":"https:\/\/profitstore.pl\/index.php\/wp-json\/wp\/v2\/types\/product"}],"wp:featuredmedia":[{"embeddable":true,"href":"https:\/\/profitstore.pl\/index.php\/wp-json\/wp\/v2\/media\/94392"}],"wp:attachment":[{"href":"https:\/\/profitstore.pl\/index.php\/wp-json\/wp\/v2\/media?parent=94391"}],"curies":[{"name":"wp","href":"https:\/\/api.w.org\/{rel}","templated":true}]}}