{"id":93746,"date":"2026-04-29T17:18:33","date_gmt":"2026-04-29T17:18:33","guid":{"rendered":"https:\/\/profitstore.pl\/index.php\/produkt\/filtr-eu4-do-vents-av02-rh-1500-2500-3500-384x196x40\/"},"modified":"2026-04-29T17:18:35","modified_gmt":"2026-04-29T17:18:35","slug":"filtr-eu4-do-vents-av02-rh-1500-2500-3500-384x196x40","status":"publish","type":"product","link":"https:\/\/profitstore.pl\/index.php\/produkt\/filtr-eu4-do-vents-av02-rh-1500-2500-3500-384x196x40\/","title":{"rendered":"Filtr EU4 do VENTS AV02 RH 1500 \/ 2500 \/ 3500 (384x196x40)"},"content":{"rendered":"<p>Filtr\u00a0 kasetowy \u00a0pasuj\u0105cych do central wentylacyjnych\u00a0 VENTS VENTS AV02 RH 1500 A31 VENTS AV02 RH 2500 A31 VENTS AV02 RH 3500 A31 Filtry s\u0105 zamiennikami, nazwy producent\u00f3w i marek zosta\u0142y u\u017cyte w celu identyfikacji produktu.<\/p>\n<p>Poni\u017cej przedstawiamy sprzedawany produkt:<\/p>\n<p><img src=\"https:\/\/pureventfilters.eu\/4859-large_default\/filtr-eu4-do-vents-av02-rh-1500-2500-3500-384x196x40.jpg\" alt=\"Filtr EU4 do VENTS AV02 RH 1500 \/ 2500 \/ 3500 (384x196x40)\" \/><\/p>\n","protected":false},"excerpt":{"rendered":"<p>Filtr\u00a0 kasetowy \u00a0pasuj\u0105cych do central wentylacyjnych\u00a0 VENTS VENTS AV02 RH 1500 A31 VENTS AV02 RH 2500 A31 VENTS AV02 RH 3500 A31 Filtry s\u0105 zamiennikami, nazwy producent\u00f3w i marek zosta\u0142y u\u017cyte w celu identyfikacji produktu. Poni\u017cej przedstawiamy sprzedawany produkt:<\/p>\n","protected":false},"featured_media":93747,"template":"","meta":[],"_links":{"self":[{"href":"https:\/\/profitstore.pl\/index.php\/wp-json\/wp\/v2\/product\/93746"}],"collection":[{"href":"https:\/\/profitstore.pl\/index.php\/wp-json\/wp\/v2\/product"}],"about":[{"href":"https:\/\/profitstore.pl\/index.php\/wp-json\/wp\/v2\/types\/product"}],"wp:featuredmedia":[{"embeddable":true,"href":"https:\/\/profitstore.pl\/index.php\/wp-json\/wp\/v2\/media\/93747"}],"wp:attachment":[{"href":"https:\/\/profitstore.pl\/index.php\/wp-json\/wp\/v2\/media?parent=93746"}],"curies":[{"name":"wp","href":"https:\/\/api.w.org\/{rel}","templated":true}]}}