{"id":93741,"date":"2026-04-29T17:18:37","date_gmt":"2026-04-29T17:18:37","guid":{"rendered":"https:\/\/profitstore.pl\/index.php\/produkt\/filtr-eu7-do-vents-vut-900-pbe-pbw-ec-vut-1000-pe-pw-ec\/"},"modified":"2026-04-29T17:18:39","modified_gmt":"2026-04-29T17:18:39","slug":"filtr-eu7-do-vents-vut-900-pbe-pbw-ec-vut-1000-pe-pw-ec","status":"publish","type":"product","link":"https:\/\/profitstore.pl\/index.php\/produkt\/filtr-eu7-do-vents-vut-900-pbe-pbw-ec-vut-1000-pe-pw-ec\/","title":{"rendered":"Filtr EU7 do VENTS VUT 900 PBE\/PBW EC, VUT 1000 PE\/PW EC"},"content":{"rendered":"<p>Zdj\u0119cie filtra jest jedynie zdj\u0119ciem pogl\u0105dowym, Rzeczywisty produkt mo\u017ce si\u0119 r\u00f3\u017cni\u0107 kolorem maty i ramk\u0105.\u00a0 Produkt jest zamiennikiem. Nazwy urz\u0105dze\u0144, cz\u0119\u015bci i marek zosta\u0142y u\u017cyte w celu identyfikacji produktu.<\/p>\n<p>Poni\u017cej przedstawiamy sprzedawany produkt:<\/p>\n<p><img src=\"https:\/\/pureventfilters.eu\/4858-large_default\/filtr-eu7-do-vents-vut-900-pbepbw-ec-vut-1000-pepw-ec-647x274x140-uf030.jpg\" alt=\"Filtr EU7 do VENTS VUT 900 PBE\/PBW EC, VUT 1000 PE\/PW EC\" \/><\/p>\n","protected":false},"excerpt":{"rendered":"<p>Zdj\u0119cie filtra jest jedynie zdj\u0119ciem pogl\u0105dowym, Rzeczywisty produkt mo\u017ce si\u0119 r\u00f3\u017cni\u0107 kolorem maty i ramk\u0105.\u00a0 Produkt jest zamiennikiem. Nazwy urz\u0105dze\u0144, cz\u0119\u015bci i marek zosta\u0142y u\u017cyte w celu identyfikacji produktu. Poni\u017cej przedstawiamy sprzedawany produkt:<\/p>\n","protected":false},"featured_media":93742,"template":"","meta":[],"_links":{"self":[{"href":"https:\/\/profitstore.pl\/index.php\/wp-json\/wp\/v2\/product\/93741"}],"collection":[{"href":"https:\/\/profitstore.pl\/index.php\/wp-json\/wp\/v2\/product"}],"about":[{"href":"https:\/\/profitstore.pl\/index.php\/wp-json\/wp\/v2\/types\/product"}],"wp:featuredmedia":[{"embeddable":true,"href":"https:\/\/profitstore.pl\/index.php\/wp-json\/wp\/v2\/media\/93742"}],"wp:attachment":[{"href":"https:\/\/profitstore.pl\/index.php\/wp-json\/wp\/v2\/media?parent=93741"}],"curies":[{"name":"wp","href":"https:\/\/api.w.org\/{rel}","templated":true}]}}