{"id":93737,"date":"2026-04-29T17:18:37","date_gmt":"2026-04-29T17:18:37","guid":{"rendered":"https:\/\/profitstore.pl\/index.php\/produkt\/filtr-eu4-do-vents-vut-180-p5b-ec-214x186x18-coarse-sf214x186x18g4\/"},"modified":"2026-04-29T17:18:38","modified_gmt":"2026-04-29T17:18:38","slug":"filtr-eu4-do-vents-vut-180-p5b-ec-214x186x18-coarse-sf214x186x18g4","status":"publish","type":"product","link":"https:\/\/profitstore.pl\/index.php\/produkt\/filtr-eu4-do-vents-vut-180-p5b-ec-214x186x18-coarse-sf214x186x18g4\/","title":{"rendered":"Filtr EU4 do VENTS VUT\u00a0180 P5B EC (214x186x18) Coarse SF214X186X18G4"},"content":{"rendered":"<p>Filtry s\u0105 zamiennikami, nazwy producent\u00f3w i marek zosta\u0142y u\u017cyte w celu identyfikacji produktu.<\/p>\n<p>Poni\u017cej przedstawiamy sprzedawany produkt:<\/p>\n<p><img src=\"https:\/\/pureventfilters.eu\/4855-large_default\/filtr-eu4-do-vents-vut-180-p5b-ec-214x186x18-coarse-sf214x186x18g4.jpg\" alt=\"Filtr EU4 do VENTS VUT\u00a0180 P5B EC (214x186x18) Coarse SF214X186X18G4\" \/><\/p>\n","protected":false},"excerpt":{"rendered":"<p>Filtry s\u0105 zamiennikami, nazwy producent\u00f3w i marek zosta\u0142y u\u017cyte w celu identyfikacji produktu. Poni\u017cej przedstawiamy sprzedawany produkt:<\/p>\n","protected":false},"featured_media":93738,"template":"","meta":[],"_links":{"self":[{"href":"https:\/\/profitstore.pl\/index.php\/wp-json\/wp\/v2\/product\/93737"}],"collection":[{"href":"https:\/\/profitstore.pl\/index.php\/wp-json\/wp\/v2\/product"}],"about":[{"href":"https:\/\/profitstore.pl\/index.php\/wp-json\/wp\/v2\/types\/product"}],"wp:featuredmedia":[{"embeddable":true,"href":"https:\/\/profitstore.pl\/index.php\/wp-json\/wp\/v2\/media\/93738"}],"wp:attachment":[{"href":"https:\/\/profitstore.pl\/index.php\/wp-json\/wp\/v2\/media?parent=93737"}],"curies":[{"name":"wp","href":"https:\/\/api.w.org\/{rel}","templated":true}]}}