{"id":93731,"date":"2026-04-29T17:18:35","date_gmt":"2026-04-29T17:18:35","guid":{"rendered":"https:\/\/profitstore.pl\/index.php\/produkt\/filtr-eu4-do-vents-vutr-700-900-eh-wh-ec-700x332x48-ufd700x332x48g4\/"},"modified":"2026-04-29T17:18:37","modified_gmt":"2026-04-29T17:18:37","slug":"filtr-eu4-do-vents-vutr-700-900-eh-wh-ec-700x332x48-ufd700x332x48g4","status":"publish","type":"product","link":"https:\/\/profitstore.pl\/index.php\/produkt\/filtr-eu4-do-vents-vutr-700-900-eh-wh-ec-700x332x48-ufd700x332x48g4\/","title":{"rendered":"Filtr EU4 do VENTS VUTR 700\/900 EH\/WH EC (700x332x48) UFD700x332x48G4"},"content":{"rendered":"<p>Filtry s\u0105 zamiennikami, nazwy producent\u00f3w i marek zosta\u0142y u\u017cyte w celu identyfikacji produktu.<\/p>\n<p>Poni\u017cej przedstawiamy sprzedawany produkt:<\/p>\n<p><img src=\"https:\/\/pureventfilters.eu\/4852-large_default\/filtr-eu4-do-vents-vutr-700900-ehwh-ec-700x332x48-ufd700x332x48g4.jpg\" alt=\"Filtr EU4 do VENTS VUTR 700\/900 EH\/WH EC (700x332x48) UFD700x332x48G4\" \/><\/p>\n","protected":false},"excerpt":{"rendered":"<p>Filtry s\u0105 zamiennikami, nazwy producent\u00f3w i marek zosta\u0142y u\u017cyte w celu identyfikacji produktu. Poni\u017cej przedstawiamy sprzedawany produkt:<\/p>\n","protected":false},"featured_media":93732,"template":"","meta":[],"_links":{"self":[{"href":"https:\/\/profitstore.pl\/index.php\/wp-json\/wp\/v2\/product\/93731"}],"collection":[{"href":"https:\/\/profitstore.pl\/index.php\/wp-json\/wp\/v2\/product"}],"about":[{"href":"https:\/\/profitstore.pl\/index.php\/wp-json\/wp\/v2\/types\/product"}],"wp:featuredmedia":[{"embeddable":true,"href":"https:\/\/profitstore.pl\/index.php\/wp-json\/wp\/v2\/media\/93732"}],"wp:attachment":[{"href":"https:\/\/profitstore.pl\/index.php\/wp-json\/wp\/v2\/media?parent=93731"}],"curies":[{"name":"wp","href":"https:\/\/api.w.org\/{rel}","templated":true}]}}