{"id":93723,"date":"2026-05-07T07:24:20","date_gmt":"2026-05-07T07:24:20","guid":{"rendered":"https:\/\/profitstore.pl\/index.php\/produkt\/filtr-eu7-do-vents-vut-160-pb-ec-403x253x48-epm1-70\/"},"modified":"2026-05-07T07:24:21","modified_gmt":"2026-05-07T07:24:21","slug":"filtr-eu7-do-vents-vut-160-pb-ec-403x253x48-epm1-70","status":"publish","type":"product","link":"https:\/\/profitstore.pl\/index.php\/produkt\/filtr-eu7-do-vents-vut-160-pb-ec-403x253x48-epm1-70\/","title":{"rendered":"Filtr EU7 do VENTS VUT 160 PB EC (403x253x48) ePM1 70%"},"content":{"rendered":"<p>Filtr pasuje do central VENTS VUT\u00a0160 PB EC A21. Filtr\u00a0jest zamiennikiem. Nazwy urz\u0105dze\u0144, cz\u0119\u015bci i marek zosta\u0142y u\u017cyte w celu identyfikacji produktu.<\/p>\n<p>Poni\u017cej przedstawiamy sprzedawany produkt:<\/p>\n<p><img src=\"https:\/\/pureventfilters.eu\/4413-large_default\/filtr-eu7-do-vents-vut-160-pb-ec-403x253x48-epm1-70.jpg\" alt=\"Filtr EU7 do VENTS VUT 160 PB EC (403x253x48) ePM1 70%\" \/><\/p>\n","protected":false},"excerpt":{"rendered":"<p>Filtr pasuje do central VENTS VUT\u00a0160 PB EC A21. Filtr\u00a0jest zamiennikiem. Nazwy urz\u0105dze\u0144, cz\u0119\u015bci i marek zosta\u0142y u\u017cyte w celu identyfikacji produktu. Poni\u017cej przedstawiamy sprzedawany produkt:<\/p>\n","protected":false},"featured_media":93724,"template":"","meta":[],"_links":{"self":[{"href":"https:\/\/profitstore.pl\/index.php\/wp-json\/wp\/v2\/product\/93723"}],"collection":[{"href":"https:\/\/profitstore.pl\/index.php\/wp-json\/wp\/v2\/product"}],"about":[{"href":"https:\/\/profitstore.pl\/index.php\/wp-json\/wp\/v2\/types\/product"}],"wp:featuredmedia":[{"embeddable":true,"href":"https:\/\/profitstore.pl\/index.php\/wp-json\/wp\/v2\/media\/93724"}],"wp:attachment":[{"href":"https:\/\/profitstore.pl\/index.php\/wp-json\/wp\/v2\/media?parent=93723"}],"curies":[{"name":"wp","href":"https:\/\/api.w.org\/{rel}","templated":true}]}}