{"id":93719,"date":"2026-05-01T07:14:20","date_gmt":"2026-05-01T07:14:20","guid":{"rendered":"https:\/\/profitstore.pl\/index.php\/produkt\/filtr-kasetowy-do-vents-vut-350-pe-ec-440x128x20-ppi20\/"},"modified":"2026-05-01T07:14:22","modified_gmt":"2026-05-01T07:14:22","slug":"filtr-kasetowy-do-vents-vut-350-pe-ec-440x128x20-ppi20","status":"publish","type":"product","link":"https:\/\/profitstore.pl\/index.php\/produkt\/filtr-kasetowy-do-vents-vut-350-pe-ec-440x128x20-ppi20\/","title":{"rendered":"Filtr kasetowy do VENTS VUT 350 PE EC (440x128x20) PPI20"},"content":{"rendered":"<p>Standardowo w centrali wed\u0142ug katalogu montowane s\u0105 2szt. filtr\u00f3w: filtr kieszeniowy G4 236x211x140mm i filtr kasetowy z piank\u0105 filtracyjn\u0105 PPI20 440x128x20mm.\u00a0 Piank\u0119 stosujemy jako filtr wst\u0119pny. Mo\u017cliwa jest regeneracja poprzez mycie pianki.\u00a0 Produkt jest zamiennikiem. Nazwy urz\u0105dze\u0144, cz\u0119\u015bci i marek zosta\u0142y u\u017cyte w celu identyfikacji produktu.<\/p>\n<p>Poni\u017cej przedstawiamy sprzedawany produkt:<\/p>\n<p><img src=\"https:\/\/pureventfilters.eu\/4449-large_default\/filtr-kasetowy-do-vents-vut-350-pe-ec-440x128x20-ppi20.jpg\" alt=\"Filtr kasetowy do VENTS VUT 350 PE EC (440x128x20) PPI20\" \/><\/p>\n","protected":false},"excerpt":{"rendered":"<p>Standardowo w centrali wed\u0142ug katalogu montowane s\u0105 2szt. filtr\u00f3w: filtr kieszeniowy G4 236x211x140mm i filtr kasetowy z piank\u0105 filtracyjn\u0105 PPI20 440x128x20mm.\u00a0 Piank\u0119 stosujemy jako filtr wst\u0119pny. Mo\u017cliwa jest regeneracja poprzez mycie pianki.\u00a0 Produkt jest zamiennikiem. Nazwy urz\u0105dze\u0144, cz\u0119\u015bci i marek zosta\u0142y u\u017cyte w celu identyfikacji produktu. Poni\u017cej przedstawiamy sprzedawany produkt:<\/p>\n","protected":false},"featured_media":93720,"template":"","meta":[],"_links":{"self":[{"href":"https:\/\/profitstore.pl\/index.php\/wp-json\/wp\/v2\/product\/93719"}],"collection":[{"href":"https:\/\/profitstore.pl\/index.php\/wp-json\/wp\/v2\/product"}],"about":[{"href":"https:\/\/profitstore.pl\/index.php\/wp-json\/wp\/v2\/types\/product"}],"wp:featuredmedia":[{"embeddable":true,"href":"https:\/\/profitstore.pl\/index.php\/wp-json\/wp\/v2\/media\/93720"}],"wp:attachment":[{"href":"https:\/\/profitstore.pl\/index.php\/wp-json\/wp\/v2\/media?parent=93719"}],"curies":[{"name":"wp","href":"https:\/\/api.w.org\/{rel}","templated":true}]}}