{"id":93707,"date":"2026-04-29T17:18:35","date_gmt":"2026-04-29T17:18:35","guid":{"rendered":"https:\/\/profitstore.pl\/index.php\/produkt\/filtr-eu7-mpl-do-vts-ventus-vvs020s-742x410x48-epm1-70\/"},"modified":"2026-04-29T17:18:36","modified_gmt":"2026-04-29T17:18:36","slug":"filtr-eu7-mpl-do-vts-ventus-vvs020s-742x410x48-epm1-70","status":"publish","type":"product","link":"https:\/\/profitstore.pl\/index.php\/produkt\/filtr-eu7-mpl-do-vts-ventus-vvs020s-742x410x48-epm1-70\/","title":{"rendered":"Filtr EU7 MPL do VTS\/VENTUS VVS020s (742x410x48) ePM1 70%"},"content":{"rendered":"<p>Filtr kasetowy MPL\u00a0 klasy filtracji F7\u00a0o skuteczno\u015bci ePM1 70% \u00a0do centrali podwieszanej\u00a0 VENTUS COMPACT \u00a0VVS020s.\u00a0 Filtry s\u0105 zamiennikami, nazwy producent\u00f3w i marek zosta\u0142y u\u017cyte w celu identyfikacji produktu.<\/p>\n<p>Poni\u017cej przedstawiamy sprzedawany produkt:<\/p>\n<p><img src=\"https:\/\/pureventfilters.eu\/4848-large_default\/filtr-eu7-mpl-do-vtsventus-vvs020s-742x410x48-epm1-70.jpg\" alt=\"Filtr EU7 MPL do VTS\/VENTUS VVS020s (742x410x48) ePM1 70%\" \/><\/p>\n","protected":false},"excerpt":{"rendered":"<p>Filtr kasetowy MPL\u00a0 klasy filtracji F7\u00a0o skuteczno\u015bci ePM1 70% \u00a0do centrali podwieszanej\u00a0 VENTUS COMPACT \u00a0VVS020s.\u00a0 Filtry s\u0105 zamiennikami, nazwy producent\u00f3w i marek zosta\u0142y u\u017cyte w celu identyfikacji produktu. Poni\u017cej przedstawiamy sprzedawany produkt:<\/p>\n","protected":false},"featured_media":93708,"template":"","meta":[],"_links":{"self":[{"href":"https:\/\/profitstore.pl\/index.php\/wp-json\/wp\/v2\/product\/93707"}],"collection":[{"href":"https:\/\/profitstore.pl\/index.php\/wp-json\/wp\/v2\/product"}],"about":[{"href":"https:\/\/profitstore.pl\/index.php\/wp-json\/wp\/v2\/types\/product"}],"wp:featuredmedia":[{"embeddable":true,"href":"https:\/\/profitstore.pl\/index.php\/wp-json\/wp\/v2\/media\/93708"}],"wp:attachment":[{"href":"https:\/\/profitstore.pl\/index.php\/wp-json\/wp\/v2\/media?parent=93707"}],"curies":[{"name":"wp","href":"https:\/\/api.w.org\/{rel}","templated":true}]}}