{"id":93701,"date":"2026-04-30T17:13:14","date_gmt":"2026-04-30T17:13:14","guid":{"rendered":"https:\/\/profitstore.pl\/index.php\/produkt\/filtr-eu5-mpl-do-vts-ventus-vvs005s-332x320x48-epm10-55\/"},"modified":"2026-04-30T17:13:15","modified_gmt":"2026-04-30T17:13:15","slug":"filtr-eu5-mpl-do-vts-ventus-vvs005s-332x320x48-epm10-55","status":"publish","type":"product","link":"https:\/\/profitstore.pl\/index.php\/produkt\/filtr-eu5-mpl-do-vts-ventus-vvs005s-332x320x48-epm10-55\/","title":{"rendered":"Filtr EU5 MPL do VTS\/VENTUS VVS005s (332x320x48) ePM10 55%"},"content":{"rendered":"<p>Filtr\u00a0 klasy filtracji M5 o skuteczno\u015bci ePM10 55% \u00a0do centrali podwieszanej VENTUS COMPACT VVS005s.\u00a0 Filtry s\u0105 zamiennikami, nazwy producent\u00f3w i marek zosta\u0142y u\u017cyte w celu identyfikacji produktu.<\/p>\n<p>Poni\u017cej przedstawiamy sprzedawany produkt:<\/p>\n<p><img src=\"https:\/\/pureventfilters.eu\/4843-large_default\/filtr-eu5-mpl-do-vtsventus-vvs005s-332x320x48-epm10-55.jpg\" alt=\"Filtr EU5 MPL do VTS\/VENTUS VVS005s (332x320x48) ePM10 55%\" \/><\/p>\n","protected":false},"excerpt":{"rendered":"<p>Filtr\u00a0 klasy filtracji M5 o skuteczno\u015bci ePM10 55% \u00a0do centrali podwieszanej VENTUS COMPACT VVS005s.\u00a0 Filtry s\u0105 zamiennikami, nazwy producent\u00f3w i marek zosta\u0142y u\u017cyte w celu identyfikacji produktu. Poni\u017cej przedstawiamy sprzedawany produkt:<\/p>\n","protected":false},"featured_media":93702,"template":"","meta":[],"_links":{"self":[{"href":"https:\/\/profitstore.pl\/index.php\/wp-json\/wp\/v2\/product\/93701"}],"collection":[{"href":"https:\/\/profitstore.pl\/index.php\/wp-json\/wp\/v2\/product"}],"about":[{"href":"https:\/\/profitstore.pl\/index.php\/wp-json\/wp\/v2\/types\/product"}],"wp:featuredmedia":[{"embeddable":true,"href":"https:\/\/profitstore.pl\/index.php\/wp-json\/wp\/v2\/media\/93702"}],"wp:attachment":[{"href":"https:\/\/profitstore.pl\/index.php\/wp-json\/wp\/v2\/media?parent=93701"}],"curies":[{"name":"wp","href":"https:\/\/api.w.org\/{rel}","templated":true}]}}