{"id":93697,"date":"2026-04-20T07:21:31","date_gmt":"2026-04-20T07:21:31","guid":{"rendered":"https:\/\/profitstore.pl\/index.php\/produkt\/filtr-eu7-do-vts-vvs010s-513x320x48-epm1-70\/"},"modified":"2026-04-20T07:21:32","modified_gmt":"2026-04-20T07:21:32","slug":"filtr-eu7-do-vts-vvs010s-513x320x48-epm1-70","status":"publish","type":"product","link":"https:\/\/profitstore.pl\/index.php\/produkt\/filtr-eu7-do-vts-vvs010s-513x320x48-epm1-70\/","title":{"rendered":"Filtr EU7 do VTS VVS010s (513x320x48) ePM1 70%"},"content":{"rendered":"<p>Filtr kasetowy MPL\u00a0 klasy filtracji\u00a0 F7\u00a0 o skuteczno\u015bci ePM1 70% \u00a0do centrali podwieszanej\u00a0 VENTUS COMPACT VVS010s . Filtry s\u0105 zamiennikami, nazwy producent\u00f3w i marek zosta\u0142y u\u017cyte w celu identyfikacji produktu.<\/p>\n<p>Poni\u017cej przedstawiamy sprzedawany produkt:<\/p>\n<p><img src=\"https:\/\/pureventfilters.eu\/4846-large_default\/filtr-eu7-do-vts-vvs010s-513x320x48-epm1-70.jpg\" alt=\"Filtr EU7 do VTS VVS010s (513x320x48) ePM1 70%\" \/><\/p>\n","protected":false},"excerpt":{"rendered":"<p>Filtr kasetowy MPL\u00a0 klasy filtracji\u00a0 F7\u00a0 o skuteczno\u015bci ePM1 70% \u00a0do centrali podwieszanej\u00a0 VENTUS COMPACT VVS010s . Filtry s\u0105 zamiennikami, nazwy producent\u00f3w i marek zosta\u0142y u\u017cyte w celu identyfikacji produktu. Poni\u017cej przedstawiamy sprzedawany produkt:<\/p>\n","protected":false},"featured_media":93698,"template":"","meta":[],"_links":{"self":[{"href":"https:\/\/profitstore.pl\/index.php\/wp-json\/wp\/v2\/product\/93697"}],"collection":[{"href":"https:\/\/profitstore.pl\/index.php\/wp-json\/wp\/v2\/product"}],"about":[{"href":"https:\/\/profitstore.pl\/index.php\/wp-json\/wp\/v2\/types\/product"}],"wp:featuredmedia":[{"embeddable":true,"href":"https:\/\/profitstore.pl\/index.php\/wp-json\/wp\/v2\/media\/93698"}],"wp:attachment":[{"href":"https:\/\/profitstore.pl\/index.php\/wp-json\/wp\/v2\/media?parent=93697"}],"curies":[{"name":"wp","href":"https:\/\/api.w.org\/{rel}","templated":true}]}}